{"id":1006,"date":"2024-03-25T17:05:46","date_gmt":"2024-03-25T16:05:46","guid":{"rendered":"https:\/\/www.caribianatours.be\/?post_type=product&#038;p=1006"},"modified":"2024-04-04T11:09:41","modified_gmt":"2024-04-04T09:09:41","slug":"villa-6-personnes-deshaies-2","status":"publish","type":"product","link":"https:\/\/www.caribianatours.be\/nl\/voyages\/villa-6-personnes-deshaies-2\/","title":{"rendered":"Villa 6 personen \u2013 Deshaies"},"content":{"rendered":"<h2>Accommodatie<\/h2>\n<div class=\"ezxmltext-field\">\n<p>La villa de 200 m\u00b2 (+60 m\u00b2) peut accueillir jusqu&rsquo;\u00e0 6 personnes.<\/p>\n<ul>\n<li>1 chambre climatis\u00e9e, \u00e9quip\u00e9e d&rsquo;un lit double Queen size (160\/200), avec salle de douche privative et toilettes<\/li>\n<li>1 chambre climatis\u00e9e et \u00e9quip\u00e9e de deux lits simples (90\/180) &#8211;\u00a0rapprochables pour faire un lit King size en 180<\/li>\n<li>1 chambre climatis\u00e9e et \u00e9quip\u00e9e de 2 lits simples c\u00f4te \u00e0 c\u00f4te (photo non contractuelle avec lits superpos\u00e9s)<\/li>\n<li>1 salle de douche commune aux deux chambres, avec toilettes dans la salle de douche<\/li>\n<li>1 cuisine am\u00e9ricaine enti\u00e8rement \u00e9quip\u00e9e ouverte sur le salon (espace de vie climatis\u00e9)<\/li>\n<li>1 buanderie<\/li>\n<li>1 salon ouvert sur la terrasse avec vue mer et piscine<\/li>\n<li>1 grande terrasse couverte, avec coin salon et espace repas avec table et chaises<\/li>\n<\/ul>\n<p>Villa moderne et luxueuse offrant confort, modernit\u00e9 et l&rsquo;une des plus belles vues de la Guadeloupe. Au calme et proche de toutes les commodit\u00e9s, cette villa est id\u00e9ale pour le d\u00e9paysement et la d\u00e9couverte !<\/p>\n<\/div>\n<div class=\"lire-anchors\">\n<h2>Diensten<\/h2>\n<div class=\"ezxmltext-field\">\n<p>Om uw verblijf comfortabeler te maken, worden u de volgende diensten aangeboden:<\/p>\n<ul>\n<li>Huishoudlinnen voorzien (lakens, handdoeken, theedoeken)<\/li>\n<li>Premier petit-d\u00e9jeuner offert (comprenant 1 bouteille d&rsquo;eau, du caf\u00e9, du th\u00e9, sucre, chocolat, jus de fruits, brioche, confiture, lait, fruits de saison)<\/li>\n<li>Barbecue Weber<\/li>\n<li>Cafeti\u00e8re \u00e0 filtre et Dolce Gusto<\/li>\n<li>Afwasmachine<\/li>\n<li>Lave-linge, s\u00e8che-linge<\/li>\n<li>Lit parapluie et chaise haute, sur demande \u00e0 la r\u00e9servation<\/li>\n<li>S\u00e8che-cheveux, fer et table \u00e0 repasser<\/li>\n<li>T\u00e9l\u00e9vision \u00e9cran plat, lecteur dvd, Internet ADSL en Wi-Fi<\/li>\n<li>Moustiquaires aux fen\u00eatres dans toutes les pi\u00e8ces (chambres, cuisine, salles d&rsquo;eau, hall, salon et d\u00e9barras), sur les lits des 2 grandes chambres et pour le lit b\u00e9b\u00e9<\/li>\n<li>Possibilit\u00e9 d&rsquo;avoir un service de conciergerie sur place<\/li>\n<\/ul>\n<\/div>\n<ul>\n<li id=\"stringMenage\">M\u00e9nage de fin de s\u00e9jour obligatoire, 120\u00a0\u20ac \u00e0 r\u00e9gler directement sur place.<\/li>\n<\/ul>\n<h2>Recreatieve activiteiten in de buurt van de villa<\/h2>\n<div class=\"ezxmltext-field\">\n<p><strong>Sur place :<\/strong><\/p>\n<ul>\n<li>Farniente au bord de la piscine<\/li>\n<\/ul>\n<p><strong>A proximit\u00e9 de tr\u00e8s nombreuses activit\u00e9s :<\/strong><\/p>\n<ul>\n<li>Plong\u00e9e libre et bouteille (nombreux clubs), notamment \u00e0 la r\u00e9serve Cousteau<\/li>\n<li>Visite du Jardin Botanique de Deshaies<\/li>\n<li>Visite des Chutes du Carbet<\/li>\n<li>Visite du Saut d&rsquo;Acomat, l&rsquo;une des plus belles piscines naturelles de Guadeloupe<\/li>\n<li>Ski nautique \u00e0 l&rsquo;H\u00f4tel Fort Royal : planche \u00e0 voile, d\u00e9riveur, scooter des mers etc&#8230;<\/li>\n<li>P\u00eache au gros et traditionnelle<\/li>\n<li>Randonn\u00e9es dans la for\u00eat tropicale<\/li>\n<li>Ballade \u00e0 cheval<\/li>\n<li>Randonn\u00e9es p\u00e9destres entre les plages de Grande Anse et de la Perle<\/li>\n<li>Excursions dans le Grand Cul-de-sac marin \u00e0 Sainte-Rose, avec d\u00e9couverte de la Mangrove et de la barri\u00e8re de Corail.<\/li>\n<\/ul>\n<p>Vous n&rsquo;aurez que l&#8217;embarras du choix !<\/p>\n<\/div>\n<h2>Gedetailleerde specificaties<\/h2>\n<p><strong>Naam van het district<\/strong>\u00a0: Plage de Grande Anse<br \/>\n<strong>Zakelijke afstand\u00a0<\/strong>: 1km<br \/>\n<strong>Luchthavenafstand\u00a0<\/strong>: 43km<br \/>\n<strong>Dichtstbijzijnde strand<\/strong>\u00a0: Plage de Grande Anse \u00e0 environ 1100m<br \/>\nAirconditioning in alle kamers<br \/>\nPriv\u00e9 zwembad<br \/>\nDieren geweigerd<br \/>\n<strong>Sterren ingerichte toeristische accommodatie<\/strong>\u00a0: 3 \u00e9toiles<br \/>\n<strong>Woonoppervlakte\u00a0<\/strong>: 200m2<br \/>\n<strong>Totaal aantal toiletten<\/strong>\u00a0: 2<\/p>\n<h2>Slaapkamer 1<\/h2>\n<p><strong>Aantal tweepersoonsbed(den) in 160cm<\/strong>\u00a0: 1<br \/>\nAirco<br \/>\nMoustiquaire<br \/>\nExclusieve badkamer<\/p>\n<h2>Slaapkamer 2<\/h2>\n<p><strong>Aantal eenpersoonsbed(den)<\/strong>\u00a0: 2<br \/>\nAirco<br \/>\nMoustiquaire<\/p>\n<h2>Slaapkamer 3<\/h2>\n<p><strong>Nb lits superpos\u00e9s (2 pers.)<\/strong>\u00a0: 1<br \/>\nAirco<br \/>\nMoustiquaire<\/p>\n<h2>Keuken<\/h2>\n<ul class=\"no-padding\">\n<li>Feux au gaz<\/li>\n<li>Oven<\/li>\n<li>Magnetron<\/li>\n<\/ul>\n<p>R\u00e9frig\u00e9rateur am\u00e9ricain (cong\u00e9lateur s\u00e9par\u00e9 et distributeur de gla\u00e7ons)<br \/>\nAfwasmachine<br \/>\nKoffiezetapparaat<br \/>\nTosti apparaat<\/p>\n<h2>Salon<\/h2>\n<p><strong>Nb canap\u00e9(s) 1 place<\/strong>\u00a0: 1<br \/>\n<strong>Nb canap\u00e9(s) 2 places<\/strong>\u00a0: 1<br \/>\n<strong>Aantal 3-zitsbank(en): 3<\/strong>\u00a0: 1<br \/>\nAirco<br \/>\nBrasseur d&rsquo;air<\/p>\n<h2>Terras<\/h2>\n<p><strong>Oppervlakte\u00a0<\/strong>: 60m2<br \/>\n<strong>Dekking<\/strong>\u00a0: Couverte<br \/>\n<strong>Tafelcapaciteit<\/strong>\u00a0: 4 \u00e0 6<br \/>\n<strong>Zaalcapaciteit<\/strong>\u00a0: 4 \u00e0 6<\/p>\n<h2>Zwembad<\/h2>\n<p><strong>Oppervlakte\u00a0<\/strong>: 42m2<br \/>\n<strong>Langste lengte\u00a0<\/strong>: 7m<br \/>\n<strong>Grootste breedte\u00a0<\/strong>: 6m<br \/>\n<strong>Minimale diepte\u00a0<\/strong>: 1.6m<br \/>\n<strong>Maximale diepte\u00a0<\/strong>: 1.6m<\/p>\n<p>Overlopend<br \/>\nZout zwembad<br \/>\nAchter gesloten deuren<\/p>\n<h2>Diensten<\/h2>\n<p><strong>Lakens voorzien<\/strong>\u00a0: lakens, handdoeken, theedoeken<br \/>\nBabybedje lenen (op aanvraag bij boeking)<br \/>\nKinderstoellening (op aanvraag bij boeking)<br \/>\nLevering van het 1e ontbijt<\/p>\n<h2>Tuin<\/h2>\n<p><strong>Oppervlakte\u00a0<\/strong>: 600m2<br \/>\nAchter gesloten deuren<\/p>\n<h2>Parkeerplaats<\/h2>\n<\/div>","protected":false},"excerpt":{"rendered":"<h1 class=\"u-text--headline u-margin-top-small\" style=\"text-align: justify\"><span class=\"ezstring-field\">Villa de standing avec vue mer<br \/>\nDeshaies \u2013 Guadeloupe<\/span><\/h1>\n<p>A 5 minutes en voiture du bourg de Deshaies, charmant village traditionnel de p\u00eacheurs, la villa se situe sur les hauteurs de la plage de Grande Anse. Avec une vue \u00e9poustouflante sur la plage de Grande Anse et la mer des Cara\u00efbes, cette magnifique villa qui a fait plusieurs apparitions dans la s\u00e9rie \u00a0\u00bb Meurtre au paradis \u00ab\u00a0,\u00a0\u00a0vous offre des prestations de qualit\u00e9. L\u2019environnement verdoyant et calme vous promettent des vacances d\u00e9tente !\u00a0 Cette magnifique plage de sable blanc et cocotiers \u00e0 perte de vue, est \u00e0 environ 15-20 minutes \u00e0 pied de la villa ou 3 minutes en voiture. Blottie au c\u0153ur d&rsquo;une nature verdoyante et calme, la villa sera votre cocon pour les vacances.<\/p>\n<p><img decoding=\"async\" class=\"alignnone size-medium wp-image-735\" src=\"https:\/\/www.caribianatours.be\/wp-content\/uploads\/2023\/12\/Logo-personnes.jpg\" alt=\"\" width=\"40\" height=\"37\" srcset=\"https:\/\/www.caribianatours.be\/wp-content\/uploads\/2023\/12\/Logo-personnes.jpg 40w, https:\/\/www.caribianatours.be\/wp-content\/uploads\/2023\/12\/Logo-personnes-13x12.jpg 13w\" sizes=\"(max-width: 40px) 100vw, 40px\" \/>6\u00a0personen<\/p>\n<p><img decoding=\"async\" class=\"alignnone size-medium wp-image-736\" src=\"https:\/\/www.caribianatours.be\/wp-content\/uploads\/2023\/12\/Logo-lit.jpg\" alt=\"\" width=\"40\" height=\"25\" srcset=\"https:\/\/www.caribianatours.be\/wp-content\/uploads\/2023\/12\/Logo-lit.jpg 40w, https:\/\/www.caribianatours.be\/wp-content\/uploads\/2023\/12\/Logo-lit-18x12.jpg 18w\" sizes=\"(max-width: 40px) 100vw, 40px\" \/>3 kamers<\/p>\n<p><img decoding=\"async\" class=\"alignnone size-full wp-image-734\" src=\"https:\/\/www.caribianatours.be\/wp-content\/uploads\/2023\/12\/Logo-sdb.jpg\" alt=\"\" width=\"40\" height=\"40\" srcset=\"https:\/\/www.caribianatours.be\/wp-content\/uploads\/2023\/12\/Logo-sdb.jpg 40w, https:\/\/www.caribianatours.be\/wp-content\/uploads\/2023\/12\/Logo-sdb-12x12.jpg 12w\" sizes=\"(max-width: 40px) 100vw, 40px\" \/>2 badkamers<\/p>\n<p><img loading=\"lazy\" decoding=\"async\" class=\"alignnone size-full wp-image-737\" src=\"https:\/\/www.caribianatours.be\/wp-content\/uploads\/2023\/12\/Logo-prix.jpg\" alt=\"\" width=\"26\" height=\"36\" srcset=\"https:\/\/www.caribianatours.be\/wp-content\/uploads\/2023\/12\/Logo-prix.jpg 26w, https:\/\/www.caribianatours.be\/wp-content\/uploads\/2023\/12\/Logo-prix-9x12.jpg 9w\" sizes=\"(max-width: 26px) 100vw, 26px\" \/><\/p>\n<p><img loading=\"lazy\" decoding=\"async\" class=\"alignnone size-full wp-image-738\" src=\"https:\/\/www.caribianatours.be\/wp-content\/uploads\/2023\/12\/Logo-piscine.jpg\" alt=\"\" width=\"40\" height=\"36\" srcset=\"https:\/\/www.caribianatours.be\/wp-content\/uploads\/2023\/12\/Logo-piscine.jpg 40w, https:\/\/www.caribianatours.be\/wp-content\/uploads\/2023\/12\/Logo-piscine-13x12.jpg 13w\" sizes=\"(max-width: 40px) 100vw, 40px\" \/><\/p>\n<p><img loading=\"lazy\" decoding=\"async\" class=\"alignnone size-medium wp-image-739\" src=\"https:\/\/www.caribianatours.be\/wp-content\/uploads\/2023\/12\/Logo-plage.jpg\" alt=\"\" width=\"40\" height=\"40\" srcset=\"https:\/\/www.caribianatours.be\/wp-content\/uploads\/2023\/12\/Logo-plage.jpg 40w, https:\/\/www.caribianatours.be\/wp-content\/uploads\/2023\/12\/Logo-plage-12x12.jpg 12w\" sizes=\"(max-width: 40px) 100vw, 40px\" \/><\/p>\n<p><img loading=\"lazy\" decoding=\"async\" class=\"alignnone size-medium wp-image-740\" src=\"https:\/\/www.caribianatours.be\/wp-content\/uploads\/2023\/12\/Logo-tv.jpg\" alt=\"\" width=\"40\" height=\"33\" srcset=\"https:\/\/www.caribianatours.be\/wp-content\/uploads\/2023\/12\/Logo-tv.jpg 40w, https:\/\/www.caribianatours.be\/wp-content\/uploads\/2023\/12\/Logo-tv-15x12.jpg 15w\" sizes=\"(max-width: 40px) 100vw, 40px\" \/><\/p>\n<p><img loading=\"lazy\" decoding=\"async\" class=\"alignnone size-medium wp-image-741\" src=\"https:\/\/www.caribianatours.be\/wp-content\/uploads\/2023\/12\/Logo-wifi.jpg\" alt=\"\" width=\"40\" height=\"28\" srcset=\"https:\/\/www.caribianatours.be\/wp-content\/uploads\/2023\/12\/Logo-wifi.jpg 40w, https:\/\/www.caribianatours.be\/wp-content\/uploads\/2023\/12\/Logo-wifi-18x12.jpg 18w\" sizes=\"(max-width: 40px) 100vw, 40px\" \/><\/p>\n<p><img loading=\"lazy\" decoding=\"async\" class=\"alignnone size-medium wp-image-742\" src=\"https:\/\/www.caribianatours.be\/wp-content\/uploads\/2023\/12\/Logo-airco.jpg\" alt=\"\" width=\"35\" height=\"40\" srcset=\"https:\/\/www.caribianatours.be\/wp-content\/uploads\/2023\/12\/Logo-airco.jpg 35w, https:\/\/www.caribianatours.be\/wp-content\/uploads\/2023\/12\/Logo-airco-11x12.jpg 11w\" sizes=\"(max-width: 35px) 100vw, 35px\" \/><\/p>","protected":false},"featured_media":1026,"template":"","meta":{"_acf_changed":false,"ocean_post_layout":"","ocean_both_sidebars_style":"","ocean_both_sidebars_content_width":0,"ocean_both_sidebars_sidebars_width":0,"ocean_sidebar":"","ocean_second_sidebar":"","ocean_disable_margins":"enable","ocean_add_body_class":"","ocean_shortcode_before_top_bar":"","ocean_shortcode_after_top_bar":"","ocean_shortcode_before_header":"","ocean_shortcode_after_header":"","ocean_has_shortcode":"","ocean_shortcode_after_title":"","ocean_shortcode_before_footer_widgets":"","ocean_shortcode_after_footer_widgets":"","ocean_shortcode_before_footer_bottom":"","ocean_shortcode_after_footer_bottom":"","ocean_display_top_bar":"default","ocean_display_header":"default","ocean_header_style":"","ocean_center_header_left_menu":"","ocean_custom_header_template":"","ocean_custom_logo":0,"ocean_custom_retina_logo":0,"ocean_custom_logo_max_width":0,"ocean_custom_logo_tablet_max_width":0,"ocean_custom_logo_mobile_max_width":0,"ocean_custom_logo_max_height":0,"ocean_custom_logo_tablet_max_height":0,"ocean_custom_logo_mobile_max_height":0,"ocean_header_custom_menu":"","ocean_menu_typo_font_family":"","ocean_menu_typo_font_subset":"","ocean_menu_typo_font_size":0,"ocean_menu_typo_font_size_tablet":0,"ocean_menu_typo_font_size_mobile":0,"ocean_menu_typo_font_size_unit":"px","ocean_menu_typo_font_weight":"","ocean_menu_typo_font_weight_tablet":"","ocean_menu_typo_font_weight_mobile":"","ocean_menu_typo_transform":"","ocean_menu_typo_transform_tablet":"","ocean_menu_typo_transform_mobile":"","ocean_menu_typo_line_height":0,"ocean_menu_typo_line_height_tablet":0,"ocean_menu_typo_line_height_mobile":0,"ocean_menu_typo_line_height_unit":"","ocean_menu_typo_spacing":0,"ocean_menu_typo_spacing_tablet":0,"ocean_menu_typo_spacing_mobile":0,"ocean_menu_typo_spacing_unit":"","ocean_menu_link_color":"","ocean_menu_link_color_hover":"","ocean_menu_link_color_active":"","ocean_menu_link_background":"","ocean_menu_link_hover_background":"","ocean_menu_link_active_background":"","ocean_menu_social_links_bg":"","ocean_menu_social_hover_links_bg":"","ocean_menu_social_links_color":"","ocean_menu_social_hover_links_color":"","ocean_disable_title":"default","ocean_disable_heading":"default","ocean_post_title":"","ocean_post_subheading":"","ocean_post_title_style":"","ocean_post_title_background_color":"","ocean_post_title_background":0,"ocean_post_title_bg_image_position":"","ocean_post_title_bg_image_attachment":"","ocean_post_title_bg_image_repeat":"","ocean_post_title_bg_image_size":"","ocean_post_title_height":0,"ocean_post_title_bg_overlay":0.5,"ocean_post_title_bg_overlay_color":"","ocean_disable_breadcrumbs":"default","ocean_breadcrumbs_color":"","ocean_breadcrumbs_separator_color":"","ocean_breadcrumbs_links_color":"","ocean_breadcrumbs_links_hover_color":"","ocean_display_footer_widgets":"default","ocean_display_footer_bottom":"default","ocean_custom_footer_template":""},"product_brand":[],"product_cat":[18,23,29,24],"product_tag":[],"class_list":{"0":"post-1006","1":"product","2":"type-product","3":"status-publish","4":"has-post-thumbnail","6":"product_cat-guadeloupe","7":"product_cat-logement","8":"product_cat-pays","9":"product_cat-villas","11":"entry","12":"has-media","14":"first","15":"instock","16":"shipping-taxable","17":"purchasable","18":"product-type-simple","19":"has-product-nav","20":"col","21":"span_1_of_3","22":"owp-content-center","23":"owp-thumbs-layout-horizontal","24":"owp-btn-normal","25":"owp-tabs-layout-horizontal"},"acf":[],"_links":{"self":[{"href":"https:\/\/www.caribianatours.be\/nl\/wp-json\/wp\/v2\/product\/1006","targetHints":{"allow":["GET"]}}],"collection":[{"href":"https:\/\/www.caribianatours.be\/nl\/wp-json\/wp\/v2\/product"}],"about":[{"href":"https:\/\/www.caribianatours.be\/nl\/wp-json\/wp\/v2\/types\/product"}],"version-history":[{"count":0,"href":"https:\/\/www.caribianatours.be\/nl\/wp-json\/wp\/v2\/product\/1006\/revisions"}],"wp:featuredmedia":[{"embeddable":true,"href":"https:\/\/www.caribianatours.be\/nl\/wp-json\/wp\/v2\/media\/1026"}],"wp:attachment":[{"href":"https:\/\/www.caribianatours.be\/nl\/wp-json\/wp\/v2\/media?parent=1006"}],"wp:term":[{"taxonomy":"product_brand","embeddable":true,"href":"https:\/\/www.caribianatours.be\/nl\/wp-json\/wp\/v2\/product_brand?post=1006"},{"taxonomy":"product_cat","embeddable":true,"href":"https:\/\/www.caribianatours.be\/nl\/wp-json\/wp\/v2\/product_cat?post=1006"},{"taxonomy":"product_tag","embeddable":true,"href":"https:\/\/www.caribianatours.be\/nl\/wp-json\/wp\/v2\/product_tag?post=1006"}],"curies":[{"name":"wp","href":"https:\/\/api.w.org\/{rel}","templated":true}]}}