{"id":1027,"date":"2024-03-28T10:29:07","date_gmt":"2024-03-28T09:29:07","guid":{"rendered":"https:\/\/www.caribianatours.be\/?post_type=product&#038;p=1027"},"modified":"2024-04-04T11:09:02","modified_gmt":"2024-04-04T09:09:02","slug":"villa-9-personnes-sainte-anne","status":"publish","type":"product","link":"https:\/\/www.caribianatours.be\/nl\/voyages\/villa-9-personnes-sainte-anne\/","title":{"rendered":"Villa 9 personnes &#8211; Sainte Anne"},"content":{"rendered":"<h2>Accommodatie<\/h2>\n<div class=\"ezxmltext-field\">\n<p>R\u00e9cemment r\u00e9nov\u00e9e, la villa de style contemporain a \u00e9t\u00e9 \u00e9quip\u00e9e d&rsquo;un mobilier \u00e9pur\u00e9 en bois clair. D&rsquo;une superficie de 150 m\u00b2, la villa peut accueillir jusqu&rsquo;\u00e0 9 personnes r\u00e9parties dans 4 chambres.<\/p>\n<ul>\n<li>3 Chambres climatis\u00e9es et \u00e9quip\u00e9es chacune d&rsquo;un lit double Queen size (160\/200), dont une salle de douche privative avec toilette<\/li>\n<li>1 Chambre climatis\u00e9e et \u00e9quip\u00e9e de 3 lits simples (90\/200)<\/li>\n<li>1 Salle de douche commune aux trois chambres avec toilette<\/li>\n<li>1 Salle de douche d\u2019ext\u00e9rieur avec WC<\/li>\n<li>1 Cuisine moderne communicante avec le s\u00e9jour et la terrasse<\/li>\n<li>1 Terrasse autour de la piscine avec vue mer<\/li>\n<\/ul>\n<p>Toutes vos vacances seront tourn\u00e9es vers la mer\u2026 Venez vous \u00e9vader dans cette magnifique villa !<\/p>\n<p><em>A noter : des fen\u00eatres et baies vitr\u00e9es ont \u00e9t\u00e9 ajout\u00e9es \u00e0 toutes les ouvertures des chambres<\/em><\/p>\n<\/div>\n<div class=\"lire-anchors\">\n<h2>Diensten<\/h2>\n<div class=\"ezxmltext-field\">\n<p>Om uw verblijf comfortabeler te maken, worden u de volgende diensten aangeboden:<\/p>\n<ul>\n<li>1er petit d\u00e9jeuner offert<\/li>\n<li>Huishoudlinnen voorzien (lakens, handdoeken, theedoeken)<\/li>\n<li>Barbecue<\/li>\n<li>Afwasmachine<\/li>\n<li>Machine \u00e0 laver le linge<\/li>\n<li>Mise \u00e0 disposition d&rsquo;un lit b\u00e9b\u00e9 sur demande \u00e0 la r\u00e9servation<\/li>\n<li>Internet et Wifi<\/li>\n<li>La piscine est \u00e9quip\u00e9e d\u2019une barri\u00e8re filet de s\u00e9curit\u00e9 amovible, qui peut \u00eatre mise en place ou retir\u00e9e \u00e0 la demande des clients, en fonction de leur besoin<\/li>\n<li>Possibilit\u00e9 de r\u00e9server des excursions sur place<\/li>\n<li>Label \u00e9cologique &#8211; Fonctionnement des climatisations de 18 h 00 \u00e0 09 h 00<\/li>\n<li>Cuve tampon pour pallier aux \u00e9ventuelles coupures d&rsquo;eau<\/li>\n<\/ul>\n<p><em>Pour tout s\u00e9jour\u00a0de 10 nuits et plus m\u00e9nage interm\u00e9diaire de 100 \u20ac obligatoire \u00e0 r\u00e9gler sur place (m\u00e9nage de la cuisine et des salles de bain uniquement)<\/em><\/p>\n<p><em>A noter : des fen\u00eatres et baies vitr\u00e9es ont \u00e9t\u00e9 ajout\u00e9es \u00e0 toutes les ouvertures des chambres<\/em><\/p>\n<\/div>\n<ul>\n<li id=\"stringMenage\">Eindschoonmaak inbegrepen.<\/li>\n<\/ul>\n<h2>Recreatieve activiteiten in de buurt van de villa<\/h2>\n<div class=\"ezxmltext-field\">\n<p><strong>Sur place :<\/strong><\/p>\n<ul>\n<li>Profiter de la piscine, des bains de soleil confortables et de la vue mer<\/li>\n<\/ul>\n<p><strong>A proximit\u00e9 :<\/strong><\/p>\n<p>La commune de Sainte-Anne (environ 2 km) comme celle du Gosier (environ 12 km), vous propose de tr\u00e8s nombreuses activit\u00e9s :<\/p>\n<ul>\n<li>Excursions pour les \u00eeles (Marie-Galante et Les Saintes)<\/li>\n<li>Jetski<\/li>\n<li>Duiken<\/li>\n<li>Kano-kajak<\/li>\n<li>kitesurfen<\/li>\n<li>Surfen<\/li>\n<li>Bootverhuur<\/li>\n<li>Diep zee vissen<\/li>\n<li>Golf \u00e0 Saint-Fran\u00e7ois<\/li>\n<li>Vie nocturne (restaurants, caf\u00e9, discoth\u00e8que, casino (au Gosier et \u00e0 Saint-Fran\u00e7ois)<\/li>\n<\/ul>\n<\/div>\n<h2>Gedetailleerde specificaties<\/h2>\n<p><strong>Naam van het district<\/strong>\u00a0: Fonds Thezan<br \/>\n<strong>Zakelijke afstand\u00a0<\/strong>: 2km<br \/>\n<strong>Luchthavenafstand\u00a0<\/strong>: 40km<br \/>\n<strong>Dichtstbijzijnde strand<\/strong>\u00a0: Plage de la Caravelle (Club Med) op ongeveer 2000 meter<br \/>\nAirconditioning in alle kamers<br \/>\nPriv\u00e9 zwembad<br \/>\nDieren geweigerd<br \/>\n<strong>Woonoppervlakte\u00a0<\/strong>: 150m2<br \/>\n<strong>Totaal aantal toiletten<\/strong>\u00a0: 3<\/p>\n<h2>Slaapkamer 1<\/h2>\n<p><strong>Aantal tweepersoonsbed(den) in 160cm<\/strong>\u00a0: 1<br \/>\nAirco<\/p>\n<h2>Slaapkamer 2<\/h2>\n<p><strong>Aantal tweepersoonsbed(den) in 160cm<\/strong>\u00a0: 1<br \/>\nAirco<\/p>\n<h2>Slaapkamer 3<\/h2>\n<p><strong>Aantal tweepersoonsbed(den) in 160cm<\/strong>\u00a0: 1<br \/>\nAirco<\/p>\n<h2>Slaapkamer 4<\/h2>\n<p><strong>Aantal eenpersoonsbed(den)<\/strong>\u00a0: 3<br \/>\nAirco<\/p>\n<h2>Keuken<\/h2>\n<ul class=\"no-padding\">\n<li>Plaques induction<\/li>\n<li>Oven<\/li>\n<li>Magnetron<\/li>\n<\/ul>\n<p>R\u00e9frig\u00e9rateur am\u00e9ricain (cong\u00e9lateur s\u00e9par\u00e9 et distributeur de gla\u00e7ons)<br \/>\nAfwasmachine<br \/>\nKoffiezetapparaat<br \/>\nTosti apparaat<\/p>\n<h2>Salon<\/h2>\n<p><strong>Nb canap\u00e9(s) 1 place<\/strong>\u00a0: 2<br \/>\n<strong>Nb canap\u00e9(s) 2 places<\/strong>\u00a0: 1<br \/>\n<strong>Tafelcapaciteit\u00a0<\/strong>: 8 \u00e0 10<\/p>\n<h2>Terras<\/h2>\n<p><strong>Dekking<\/strong>\u00a0: D\u00e9couverte<br \/>\n<strong>Zaalcapaciteit<\/strong>\u00a0: 6 \u00e0 8<\/p>\n<h2>Zwembad<\/h2>\n<p><strong>Oppervlakte\u00a0<\/strong>: 28m2<br \/>\n<strong>Langste lengte\u00a0<\/strong>: 7m<br \/>\n<strong>Grootste breedte\u00a0<\/strong>: 4m<br \/>\n<strong>Minimale diepte\u00a0<\/strong>: 1.5m<br \/>\n<strong>Maximale diepte\u00a0<\/strong>: 1.5m<\/p>\n<ul class=\"no-padding\">\n<li>Filet amovible<\/li>\n<\/ul>\n<h2>Diensten<\/h2>\n<p><strong>Lakens voorzien<\/strong>\u00a0: lakens, handdoeken, theedoeken<br \/>\nBabybedje lenen (op aanvraag bij boeking)<br \/>\nLevering van het 1e ontbijt<\/p>\n<h2>Parkeerplaats<\/h2>\n<\/div>","protected":false},"excerpt":{"rendered":"<h1 class=\"u-text--headline u-margin-top-small\" style=\"text-align: justify\"><span class=\"ezstring-field\">Villa de standing avec vue mer<br \/>\nSainte Anne \u2013 Guadeloupe<\/span><\/h1>\n<p>Jouissant d&rsquo;une tr\u00e8s belle vue mer, sur Marie-Galante et les Saintes, cette villa de grand standing est organis\u00e9e autour d&rsquo;une magnifique piscine, dispose d&rsquo;une d\u00e9coration moderne et d&rsquo;\u00e9quipements hauts de gamme qui garantiront votre confort durant tout le s\u00e9jour. Situ\u00e9e dans un quartier r\u00e9sidentiel calme de Sainte-Anne, vous \u00eates \u00e0 environ 2 km du bourg de Sainte-Anne o\u00f9 vous trouverez commerces, restaurants \u00a0\u00bb les pieds dans le sable \u00ab\u00a0, march\u00e9 etc&#8230; A proximit\u00e9, se trouvent L\u2019h\u00f4tel Toubana***** et son restaurant de qualit\u00e9. A mi-chemin entre Pointe-\u00e0-Pitre et la Pointe des Ch\u00e2teaux, la villa est tr\u00e8s bien plac\u00e9e pour profiter des nombreuses richesses de la Guadeloupe. Depuis\u00a0la villa un sentier p\u00e9destre et c\u00f4tier de 10 km, vous fera d\u00e9couvrir plusieurs plages sauvages, ainsi que celles de l&rsquo;Anse \u00e0 Saint, l&rsquo;Anse \u00e0 Jacques et Petit Havre.<\/p>\n<p><img decoding=\"async\" class=\"alignnone size-medium wp-image-735\" src=\"https:\/\/www.caribianatours.be\/wp-content\/uploads\/2023\/12\/Logo-personnes.jpg\" alt=\"\" width=\"40\" height=\"37\" srcset=\"https:\/\/www.caribianatours.be\/wp-content\/uploads\/2023\/12\/Logo-personnes.jpg 40w, https:\/\/www.caribianatours.be\/wp-content\/uploads\/2023\/12\/Logo-personnes-13x12.jpg 13w\" sizes=\"(max-width: 40px) 100vw, 40px\" \/>9\u00a0personnes<\/p>\n<p><img decoding=\"async\" class=\"alignnone size-medium wp-image-736\" src=\"https:\/\/www.caribianatours.be\/wp-content\/uploads\/2023\/12\/Logo-lit.jpg\" alt=\"\" width=\"40\" height=\"25\" srcset=\"https:\/\/www.caribianatours.be\/wp-content\/uploads\/2023\/12\/Logo-lit.jpg 40w, https:\/\/www.caribianatours.be\/wp-content\/uploads\/2023\/12\/Logo-lit-18x12.jpg 18w\" sizes=\"(max-width: 40px) 100vw, 40px\" \/>4\u00a0chambres<\/p>\n<p><img decoding=\"async\" class=\"alignnone size-full wp-image-734\" src=\"https:\/\/www.caribianatours.be\/wp-content\/uploads\/2023\/12\/Logo-sdb.jpg\" alt=\"\" width=\"40\" height=\"40\" srcset=\"https:\/\/www.caribianatours.be\/wp-content\/uploads\/2023\/12\/Logo-sdb.jpg 40w, https:\/\/www.caribianatours.be\/wp-content\/uploads\/2023\/12\/Logo-sdb-12x12.jpg 12w\" sizes=\"(max-width: 40px) 100vw, 40px\" \/>3\u00a0salles de bain<\/p>\n<p><img loading=\"lazy\" decoding=\"async\" class=\"alignnone size-full wp-image-737\" src=\"https:\/\/www.caribianatours.be\/wp-content\/uploads\/2023\/12\/Logo-prix.jpg\" alt=\"\" width=\"26\" height=\"36\" srcset=\"https:\/\/www.caribianatours.be\/wp-content\/uploads\/2023\/12\/Logo-prix.jpg 26w, https:\/\/www.caribianatours.be\/wp-content\/uploads\/2023\/12\/Logo-prix-9x12.jpg 9w\" sizes=\"(max-width: 26px) 100vw, 26px\" \/><\/p>\n<p><img loading=\"lazy\" decoding=\"async\" class=\"alignnone size-full wp-image-738\" src=\"https:\/\/www.caribianatours.be\/wp-content\/uploads\/2023\/12\/Logo-piscine.jpg\" alt=\"\" width=\"40\" height=\"36\" srcset=\"https:\/\/www.caribianatours.be\/wp-content\/uploads\/2023\/12\/Logo-piscine.jpg 40w, https:\/\/www.caribianatours.be\/wp-content\/uploads\/2023\/12\/Logo-piscine-13x12.jpg 13w\" sizes=\"(max-width: 40px) 100vw, 40px\" \/><\/p>\n<p><img loading=\"lazy\" decoding=\"async\" class=\"alignnone size-medium wp-image-739\" src=\"https:\/\/www.caribianatours.be\/wp-content\/uploads\/2023\/12\/Logo-plage.jpg\" alt=\"\" width=\"40\" height=\"40\" srcset=\"https:\/\/www.caribianatours.be\/wp-content\/uploads\/2023\/12\/Logo-plage.jpg 40w, https:\/\/www.caribianatours.be\/wp-content\/uploads\/2023\/12\/Logo-plage-12x12.jpg 12w\" sizes=\"(max-width: 40px) 100vw, 40px\" \/><\/p>\n<p><img loading=\"lazy\" decoding=\"async\" class=\"alignnone size-medium wp-image-740\" src=\"https:\/\/www.caribianatours.be\/wp-content\/uploads\/2023\/12\/Logo-tv.jpg\" alt=\"\" width=\"40\" height=\"33\" srcset=\"https:\/\/www.caribianatours.be\/wp-content\/uploads\/2023\/12\/Logo-tv.jpg 40w, https:\/\/www.caribianatours.be\/wp-content\/uploads\/2023\/12\/Logo-tv-15x12.jpg 15w\" sizes=\"(max-width: 40px) 100vw, 40px\" \/><\/p>\n<p><img loading=\"lazy\" decoding=\"async\" class=\"alignnone size-medium wp-image-741\" src=\"https:\/\/www.caribianatours.be\/wp-content\/uploads\/2023\/12\/Logo-wifi.jpg\" alt=\"\" width=\"40\" height=\"28\" srcset=\"https:\/\/www.caribianatours.be\/wp-content\/uploads\/2023\/12\/Logo-wifi.jpg 40w, https:\/\/www.caribianatours.be\/wp-content\/uploads\/2023\/12\/Logo-wifi-18x12.jpg 18w\" sizes=\"(max-width: 40px) 100vw, 40px\" \/><\/p>\n<p><img loading=\"lazy\" decoding=\"async\" class=\"alignnone size-medium wp-image-742\" src=\"https:\/\/www.caribianatours.be\/wp-content\/uploads\/2023\/12\/Logo-airco.jpg\" alt=\"\" width=\"35\" height=\"40\" srcset=\"https:\/\/www.caribianatours.be\/wp-content\/uploads\/2023\/12\/Logo-airco.jpg 35w, https:\/\/www.caribianatours.be\/wp-content\/uploads\/2023\/12\/Logo-airco-11x12.jpg 11w\" sizes=\"(max-width: 35px) 100vw, 35px\" \/><\/p>","protected":false},"featured_media":1040,"template":"","meta":{"_acf_changed":false,"ocean_post_layout":"","ocean_both_sidebars_style":"","ocean_both_sidebars_content_width":0,"ocean_both_sidebars_sidebars_width":0,"ocean_sidebar":"","ocean_second_sidebar":"","ocean_disable_margins":"enable","ocean_add_body_class":"","ocean_shortcode_before_top_bar":"","ocean_shortcode_after_top_bar":"","ocean_shortcode_before_header":"","ocean_shortcode_after_header":"","ocean_has_shortcode":"","ocean_shortcode_after_title":"","ocean_shortcode_before_footer_widgets":"","ocean_shortcode_after_footer_widgets":"","ocean_shortcode_before_footer_bottom":"","ocean_shortcode_after_footer_bottom":"","ocean_display_top_bar":"default","ocean_display_header":"default","ocean_header_style":"","ocean_center_header_left_menu":"","ocean_custom_header_template":"","ocean_custom_logo":0,"ocean_custom_retina_logo":0,"ocean_custom_logo_max_width":0,"ocean_custom_logo_tablet_max_width":0,"ocean_custom_logo_mobile_max_width":0,"ocean_custom_logo_max_height":0,"ocean_custom_logo_tablet_max_height":0,"ocean_custom_logo_mobile_max_height":0,"ocean_header_custom_menu":"","ocean_menu_typo_font_family":"","ocean_menu_typo_font_subset":"","ocean_menu_typo_font_size":0,"ocean_menu_typo_font_size_tablet":0,"ocean_menu_typo_font_size_mobile":0,"ocean_menu_typo_font_size_unit":"px","ocean_menu_typo_font_weight":"","ocean_menu_typo_font_weight_tablet":"","ocean_menu_typo_font_weight_mobile":"","ocean_menu_typo_transform":"","ocean_menu_typo_transform_tablet":"","ocean_menu_typo_transform_mobile":"","ocean_menu_typo_line_height":0,"ocean_menu_typo_line_height_tablet":0,"ocean_menu_typo_line_height_mobile":0,"ocean_menu_typo_line_height_unit":"","ocean_menu_typo_spacing":0,"ocean_menu_typo_spacing_tablet":0,"ocean_menu_typo_spacing_mobile":0,"ocean_menu_typo_spacing_unit":"","ocean_menu_link_color":"","ocean_menu_link_color_hover":"","ocean_menu_link_color_active":"","ocean_menu_link_background":"","ocean_menu_link_hover_background":"","ocean_menu_link_active_background":"","ocean_menu_social_links_bg":"","ocean_menu_social_hover_links_bg":"","ocean_menu_social_links_color":"","ocean_menu_social_hover_links_color":"","ocean_disable_title":"default","ocean_disable_heading":"default","ocean_post_title":"","ocean_post_subheading":"","ocean_post_title_style":"","ocean_post_title_background_color":"","ocean_post_title_background":0,"ocean_post_title_bg_image_position":"","ocean_post_title_bg_image_attachment":"","ocean_post_title_bg_image_repeat":"","ocean_post_title_bg_image_size":"","ocean_post_title_height":0,"ocean_post_title_bg_overlay":0.5,"ocean_post_title_bg_overlay_color":"","ocean_disable_breadcrumbs":"default","ocean_breadcrumbs_color":"","ocean_breadcrumbs_separator_color":"","ocean_breadcrumbs_links_color":"","ocean_breadcrumbs_links_hover_color":"","ocean_display_footer_widgets":"default","ocean_display_footer_bottom":"default","ocean_custom_footer_template":""},"product_brand":[],"product_cat":[18,23,29,24],"product_tag":[],"class_list":{"0":"post-1027","1":"product","2":"type-product","3":"status-publish","4":"has-post-thumbnail","6":"product_cat-guadeloupe","7":"product_cat-logement","8":"product_cat-pays","9":"product_cat-villas","11":"entry","12":"has-media","14":"first","15":"instock","16":"shipping-taxable","17":"purchasable","18":"product-type-simple","19":"has-product-nav","20":"col","21":"span_1_of_3","22":"owp-content-center","23":"owp-thumbs-layout-horizontal","24":"owp-btn-normal","25":"owp-tabs-layout-horizontal"},"acf":[],"_links":{"self":[{"href":"https:\/\/www.caribianatours.be\/nl\/wp-json\/wp\/v2\/product\/1027","targetHints":{"allow":["GET"]}}],"collection":[{"href":"https:\/\/www.caribianatours.be\/nl\/wp-json\/wp\/v2\/product"}],"about":[{"href":"https:\/\/www.caribianatours.be\/nl\/wp-json\/wp\/v2\/types\/product"}],"version-history":[{"count":0,"href":"https:\/\/www.caribianatours.be\/nl\/wp-json\/wp\/v2\/product\/1027\/revisions"}],"wp:featuredmedia":[{"embeddable":true,"href":"https:\/\/www.caribianatours.be\/nl\/wp-json\/wp\/v2\/media\/1040"}],"wp:attachment":[{"href":"https:\/\/www.caribianatours.be\/nl\/wp-json\/wp\/v2\/media?parent=1027"}],"wp:term":[{"taxonomy":"product_brand","embeddable":true,"href":"https:\/\/www.caribianatours.be\/nl\/wp-json\/wp\/v2\/product_brand?post=1027"},{"taxonomy":"product_cat","embeddable":true,"href":"https:\/\/www.caribianatours.be\/nl\/wp-json\/wp\/v2\/product_cat?post=1027"},{"taxonomy":"product_tag","embeddable":true,"href":"https:\/\/www.caribianatours.be\/nl\/wp-json\/wp\/v2\/product_tag?post=1027"}],"curies":[{"name":"wp","href":"https:\/\/api.w.org\/{rel}","templated":true}]}}