{"id":1087,"date":"2024-03-28T11:01:36","date_gmt":"2024-03-28T10:01:36","guid":{"rendered":"https:\/\/www.caribianatours.be\/?post_type=product&#038;p=1087"},"modified":"2024-04-04T11:06:48","modified_gmt":"2024-04-04T09:06:48","slug":"villa-4-personnes-le-marin","status":"publish","type":"product","link":"https:\/\/www.caribianatours.be\/nl\/voyages\/villa-4-personnes-le-marin\/","title":{"rendered":"Villa 4 personnes &#8211; Le Marin"},"content":{"rendered":"<h2>Accommodatie<\/h2>\n<div class=\"ezxmltext-field\">\n<p>De plain pied, la villa d&rsquo;environ 80 m\u00b2 (+ terrasse) accueille 3 pi\u00e8ces :<\/p>\n<ul>\n<li>2 chambres climatis\u00e9es meubl\u00e9es chacune d&rsquo;un lit Queen Size (160 X 200)<\/li>\n<li>1 salle d&rsquo;eau<\/li>\n<li>1 grand s\u00e9jour comprenant un espace salle \u00e0 manger et un espace salon avec canap\u00e9, table basse et t\u00e9l\u00e9vision<\/li>\n<li>1 cuisine am\u00e9ricaine tr\u00e8s bien \u00e9quip\u00e9e.<\/li>\n<\/ul>\n<p>Devant la villa, la terrasse ombrag\u00e9e fait face \u00e0 la piscine et au grand jardin. Surplombant la piscine, vous appr\u00e9cierez \u00e9galement le carbet avec vue partielle sur la mer.<\/p>\n<\/div>\n<div class=\"lire-anchors\">\n<h2>Diensten<\/h2>\n<div class=\"ezxmltext-field\">\n<ul>\n<li>Huishoudlinnen voorzien (lakens, handdoeken, theedoeken)<\/li>\n<li>Barbecue<\/li>\n<li>Machine \u00e0 laver le linge<\/li>\n<li>Lave vaisselle<\/li>\n<li>Lit b\u00e9b\u00e9 sur demande \u00e0 la r\u00e9servation<\/li>\n<li>Bouquet Orange Caraibes<\/li>\n<li>Internet et Wifi<\/li>\n<\/ul>\n<\/div>\n<ul>\n<li id=\"stringMenage\">Eindschoonmaak inbegrepen.<\/li>\n<\/ul>\n<h2>Recreatieve activiteiten in de buurt van de villa<\/h2>\n<div class=\"ezxmltext-field\">\n<ul>\n<li>Port de Plaisance du Marin (tr\u00e8s nombreuses activit\u00e9s nautiques\u2026)<\/li>\n<li>Jardin Ethno-botanique<\/li>\n<li>March\u00e9 couvert (en matin\u00e9es du lundi au samedi au Marin)<\/li>\n<\/ul>\n<\/div>\n<h2>Gedetailleerde specificaties<\/h2>\n<p><strong>Zakelijke afstand\u00a0<\/strong>: 5km<br \/>\n<strong>Luchthavenafstand\u00a0<\/strong>: 40km<br \/>\n<strong>Dichtstbijzijnde strand<\/strong>\u00a0: Grand Macabou \u00e0 environ 1500m<br \/>\nAirconditioning in alle kamers<br \/>\nPriv\u00e9 zwembad<br \/>\nPetits animaux accept\u00e9s<br \/>\n<strong>Woonoppervlakte\u00a0<\/strong>: 110m2<br \/>\n<strong>Totaal aantal toiletten<\/strong>\u00a0: 1<\/p>\n<h2>Salon<\/h2>\n<p><strong>Nb canap\u00e9(s) 1 place<\/strong>\u00a0: 2<br \/>\n<strong>Aantal 3-zitsbank(en): 3<\/strong>\u00a0: 1<br \/>\n<strong>Tafelcapaciteit\u00a0<\/strong>: 2 \u00e0 4<\/p>\n<h2>Slaapkamer 1<\/h2>\n<p><strong>Aantal tweepersoonsbed(den) in 160cm<\/strong>\u00a0: 1<br \/>\nAirco<\/p>\n<h2>Slaapkamer 2<\/h2>\n<p><strong>Aantal tweepersoonsbed(den) in 160cm<\/strong>\u00a0: 1<br \/>\nAirco<br \/>\nMoustiquaire<\/p>\n<h2>Keuken<\/h2>\n<ul class=\"no-padding\">\n<li>Plaques induction<\/li>\n<li>Oven<\/li>\n<li>Magnetron<\/li>\n<\/ul>\n<p>Grote koelkast met apart vriesvak<br \/>\nAfwasmachine<br \/>\nKoffiezetapparaat<br \/>\nTosti apparaat<\/p>\n<h2>Terras<\/h2>\n<p><strong>Oppervlakte\u00a0<\/strong>: 30m2<br \/>\n<strong>Dekking<\/strong>\u00a0: Couverte<br \/>\n<strong>Tafelcapaciteit<\/strong>\u00a0: 4 \u00e0 6<\/p>\n<h2>Zwembad<\/h2>\n<p><strong>Oppervlakte\u00a0<\/strong>: 6m2<br \/>\n<strong>Langste lengte\u00a0<\/strong>: 3m<br \/>\n<strong>Grootste breedte\u00a0<\/strong>: 2m<br \/>\n<strong>Minimale diepte\u00a0<\/strong>: 1.35m<br \/>\n<strong>Maximale diepte\u00a0<\/strong>: 1.35m<\/p>\n<ul class=\"no-padding\">\n<li>Alarme<\/li>\n<li>Barri\u00e8re amovible<\/li>\n<\/ul>\n<p>Zout zwembad<br \/>\nAchter gesloten deuren<\/p>\n<h2>Tuin<\/h2>\n<p><strong>Oppervlakte\u00a0<\/strong>: 2500m2<br \/>\nCarbet (prieel)<\/p>\n<h2>Diensten<\/h2>\n<p><strong>Lakens voorzien<\/strong>\u00a0: lakens, handdoeken, theedoeken<br \/>\nBabybedje lenen (op aanvraag bij boeking)<\/p>\n<h2>Parkeerplaats<\/h2>\n<\/div>","protected":false},"excerpt":{"rendered":"<h1 class=\"u-text--headline u-margin-top-small\" style=\"text-align: justify\"><span class=\"ezstring-field\">Villa de charme avec piscine<br \/>\nLe Marin &#8211; Martinique<\/span><\/h1>\n<p>En pleine nature et accueillant un vaste jardin, la villa prend place sur la commune du Marin dans le sud de la Martinique. La plage de Grand Macabou, accessible uniquement \u00e0 pieds, est \u00e0 environ 1500m de la villa alors que d&rsquo;autres belles plages du sud sont \u00e0 quelques minutes de voiture. Les commerces les plus proches sont au bourg du Marin, \u00e0 environ 5 km.<\/p>\n<p><img decoding=\"async\" class=\"alignnone size-medium wp-image-735\" src=\"https:\/\/www.caribianatours.be\/wp-content\/uploads\/2023\/12\/Logo-personnes.jpg\" alt=\"\" width=\"40\" height=\"37\" srcset=\"https:\/\/www.caribianatours.be\/wp-content\/uploads\/2023\/12\/Logo-personnes.jpg 40w, https:\/\/www.caribianatours.be\/wp-content\/uploads\/2023\/12\/Logo-personnes-13x12.jpg 13w\" sizes=\"(max-width: 40px) 100vw, 40px\" \/>4\u00a0personnes<\/p>\n<p><img decoding=\"async\" class=\"alignnone size-medium wp-image-736\" src=\"https:\/\/www.caribianatours.be\/wp-content\/uploads\/2023\/12\/Logo-lit.jpg\" alt=\"\" width=\"40\" height=\"25\" srcset=\"https:\/\/www.caribianatours.be\/wp-content\/uploads\/2023\/12\/Logo-lit.jpg 40w, https:\/\/www.caribianatours.be\/wp-content\/uploads\/2023\/12\/Logo-lit-18x12.jpg 18w\" sizes=\"(max-width: 40px) 100vw, 40px\" \/>2\u00a0chambres<\/p>\n<p><img decoding=\"async\" class=\"alignnone size-full wp-image-734\" src=\"https:\/\/www.caribianatours.be\/wp-content\/uploads\/2023\/12\/Logo-sdb.jpg\" alt=\"\" width=\"40\" height=\"40\" srcset=\"https:\/\/www.caribianatours.be\/wp-content\/uploads\/2023\/12\/Logo-sdb.jpg 40w, https:\/\/www.caribianatours.be\/wp-content\/uploads\/2023\/12\/Logo-sdb-12x12.jpg 12w\" sizes=\"(max-width: 40px) 100vw, 40px\" \/>1\u00a0salles de bain<\/p>\n<p><img loading=\"lazy\" decoding=\"async\" class=\"alignnone size-full wp-image-737\" src=\"https:\/\/www.caribianatours.be\/wp-content\/uploads\/2023\/12\/Logo-prix.jpg\" alt=\"\" width=\"26\" height=\"36\" srcset=\"https:\/\/www.caribianatours.be\/wp-content\/uploads\/2023\/12\/Logo-prix.jpg 26w, https:\/\/www.caribianatours.be\/wp-content\/uploads\/2023\/12\/Logo-prix-9x12.jpg 9w\" sizes=\"(max-width: 26px) 100vw, 26px\" \/><\/p>\n<p><img loading=\"lazy\" decoding=\"async\" class=\"alignnone size-full wp-image-738\" src=\"https:\/\/www.caribianatours.be\/wp-content\/uploads\/2023\/12\/Logo-piscine.jpg\" alt=\"\" width=\"40\" height=\"36\" srcset=\"https:\/\/www.caribianatours.be\/wp-content\/uploads\/2023\/12\/Logo-piscine.jpg 40w, https:\/\/www.caribianatours.be\/wp-content\/uploads\/2023\/12\/Logo-piscine-13x12.jpg 13w\" sizes=\"(max-width: 40px) 100vw, 40px\" \/><\/p>\n<p><img loading=\"lazy\" decoding=\"async\" class=\"alignnone size-medium wp-image-739\" src=\"https:\/\/www.caribianatours.be\/wp-content\/uploads\/2023\/12\/Logo-plage.jpg\" alt=\"\" width=\"40\" height=\"40\" srcset=\"https:\/\/www.caribianatours.be\/wp-content\/uploads\/2023\/12\/Logo-plage.jpg 40w, https:\/\/www.caribianatours.be\/wp-content\/uploads\/2023\/12\/Logo-plage-12x12.jpg 12w\" sizes=\"(max-width: 40px) 100vw, 40px\" \/><\/p>\n<p><img loading=\"lazy\" decoding=\"async\" class=\"alignnone size-medium wp-image-740\" src=\"https:\/\/www.caribianatours.be\/wp-content\/uploads\/2023\/12\/Logo-tv.jpg\" alt=\"\" width=\"40\" height=\"33\" srcset=\"https:\/\/www.caribianatours.be\/wp-content\/uploads\/2023\/12\/Logo-tv.jpg 40w, https:\/\/www.caribianatours.be\/wp-content\/uploads\/2023\/12\/Logo-tv-15x12.jpg 15w\" sizes=\"(max-width: 40px) 100vw, 40px\" \/><\/p>\n<p><img loading=\"lazy\" decoding=\"async\" class=\"alignnone size-medium wp-image-741\" src=\"https:\/\/www.caribianatours.be\/wp-content\/uploads\/2023\/12\/Logo-wifi.jpg\" alt=\"\" width=\"40\" height=\"28\" srcset=\"https:\/\/www.caribianatours.be\/wp-content\/uploads\/2023\/12\/Logo-wifi.jpg 40w, https:\/\/www.caribianatours.be\/wp-content\/uploads\/2023\/12\/Logo-wifi-18x12.jpg 18w\" sizes=\"(max-width: 40px) 100vw, 40px\" \/><\/p>\n<p><img loading=\"lazy\" decoding=\"async\" class=\"alignnone size-medium wp-image-742\" src=\"https:\/\/www.caribianatours.be\/wp-content\/uploads\/2023\/12\/Logo-airco.jpg\" alt=\"\" width=\"35\" height=\"40\" srcset=\"https:\/\/www.caribianatours.be\/wp-content\/uploads\/2023\/12\/Logo-airco.jpg 35w, https:\/\/www.caribianatours.be\/wp-content\/uploads\/2023\/12\/Logo-airco-11x12.jpg 11w\" sizes=\"(max-width: 35px) 100vw, 35px\" \/><\/p>","protected":false},"featured_media":1130,"template":"","meta":{"_acf_changed":false,"ocean_post_layout":"","ocean_both_sidebars_style":"","ocean_both_sidebars_content_width":0,"ocean_both_sidebars_sidebars_width":0,"ocean_sidebar":"","ocean_second_sidebar":"","ocean_disable_margins":"enable","ocean_add_body_class":"","ocean_shortcode_before_top_bar":"","ocean_shortcode_after_top_bar":"","ocean_shortcode_before_header":"","ocean_shortcode_after_header":"","ocean_has_shortcode":"","ocean_shortcode_after_title":"","ocean_shortcode_before_footer_widgets":"","ocean_shortcode_after_footer_widgets":"","ocean_shortcode_before_footer_bottom":"","ocean_shortcode_after_footer_bottom":"","ocean_display_top_bar":"default","ocean_display_header":"default","ocean_header_style":"","ocean_center_header_left_menu":"","ocean_custom_header_template":"","ocean_custom_logo":0,"ocean_custom_retina_logo":0,"ocean_custom_logo_max_width":0,"ocean_custom_logo_tablet_max_width":0,"ocean_custom_logo_mobile_max_width":0,"ocean_custom_logo_max_height":0,"ocean_custom_logo_tablet_max_height":0,"ocean_custom_logo_mobile_max_height":0,"ocean_header_custom_menu":"","ocean_menu_typo_font_family":"","ocean_menu_typo_font_subset":"","ocean_menu_typo_font_size":0,"ocean_menu_typo_font_size_tablet":0,"ocean_menu_typo_font_size_mobile":0,"ocean_menu_typo_font_size_unit":"px","ocean_menu_typo_font_weight":"","ocean_menu_typo_font_weight_tablet":"","ocean_menu_typo_font_weight_mobile":"","ocean_menu_typo_transform":"","ocean_menu_typo_transform_tablet":"","ocean_menu_typo_transform_mobile":"","ocean_menu_typo_line_height":0,"ocean_menu_typo_line_height_tablet":0,"ocean_menu_typo_line_height_mobile":0,"ocean_menu_typo_line_height_unit":"","ocean_menu_typo_spacing":0,"ocean_menu_typo_spacing_tablet":0,"ocean_menu_typo_spacing_mobile":0,"ocean_menu_typo_spacing_unit":"","ocean_menu_link_color":"","ocean_menu_link_color_hover":"","ocean_menu_link_color_active":"","ocean_menu_link_background":"","ocean_menu_link_hover_background":"","ocean_menu_link_active_background":"","ocean_menu_social_links_bg":"","ocean_menu_social_hover_links_bg":"","ocean_menu_social_links_color":"","ocean_menu_social_hover_links_color":"","ocean_disable_title":"default","ocean_disable_heading":"default","ocean_post_title":"","ocean_post_subheading":"","ocean_post_title_style":"","ocean_post_title_background_color":"","ocean_post_title_background":0,"ocean_post_title_bg_image_position":"","ocean_post_title_bg_image_attachment":"","ocean_post_title_bg_image_repeat":"","ocean_post_title_bg_image_size":"","ocean_post_title_height":0,"ocean_post_title_bg_overlay":0.5,"ocean_post_title_bg_overlay_color":"","ocean_disable_breadcrumbs":"default","ocean_breadcrumbs_color":"","ocean_breadcrumbs_separator_color":"","ocean_breadcrumbs_links_color":"","ocean_breadcrumbs_links_hover_color":"","ocean_display_footer_widgets":"default","ocean_display_footer_bottom":"default","ocean_custom_footer_template":""},"product_brand":[],"product_cat":[23,17,29,24],"product_tag":[],"class_list":{"0":"post-1087","1":"product","2":"type-product","3":"status-publish","4":"has-post-thumbnail","6":"product_cat-logement","7":"product_cat-martinique","8":"product_cat-pays","9":"product_cat-villas","11":"entry","12":"has-media","14":"first","15":"instock","16":"shipping-taxable","17":"purchasable","18":"product-type-simple","19":"has-product-nav","20":"col","21":"span_1_of_3","22":"owp-content-center","23":"owp-thumbs-layout-horizontal","24":"owp-btn-normal","25":"owp-tabs-layout-horizontal"},"acf":[],"_links":{"self":[{"href":"https:\/\/www.caribianatours.be\/nl\/wp-json\/wp\/v2\/product\/1087","targetHints":{"allow":["GET"]}}],"collection":[{"href":"https:\/\/www.caribianatours.be\/nl\/wp-json\/wp\/v2\/product"}],"about":[{"href":"https:\/\/www.caribianatours.be\/nl\/wp-json\/wp\/v2\/types\/product"}],"version-history":[{"count":0,"href":"https:\/\/www.caribianatours.be\/nl\/wp-json\/wp\/v2\/product\/1087\/revisions"}],"wp:featuredmedia":[{"embeddable":true,"href":"https:\/\/www.caribianatours.be\/nl\/wp-json\/wp\/v2\/media\/1130"}],"wp:attachment":[{"href":"https:\/\/www.caribianatours.be\/nl\/wp-json\/wp\/v2\/media?parent=1087"}],"wp:term":[{"taxonomy":"product_brand","embeddable":true,"href":"https:\/\/www.caribianatours.be\/nl\/wp-json\/wp\/v2\/product_brand?post=1087"},{"taxonomy":"product_cat","embeddable":true,"href":"https:\/\/www.caribianatours.be\/nl\/wp-json\/wp\/v2\/product_cat?post=1087"},{"taxonomy":"product_tag","embeddable":true,"href":"https:\/\/www.caribianatours.be\/nl\/wp-json\/wp\/v2\/product_tag?post=1087"}],"curies":[{"name":"wp","href":"https:\/\/api.w.org\/{rel}","templated":true}]}}