{"id":1196,"date":"2024-03-28T11:42:04","date_gmt":"2024-03-28T10:42:04","guid":{"rendered":"https:\/\/www.caribianatours.be\/?post_type=product&#038;p=1196"},"modified":"2024-04-04T11:04:25","modified_gmt":"2024-04-04T09:04:25","slug":"villa-6-personnes-saint-francois-2","status":"publish","type":"product","link":"https:\/\/www.caribianatours.be\/nl\/voyages\/villa-6-personnes-saint-francois-2\/","title":{"rendered":"Villa 6 personnes &#8211; Saint Fran\u00e7ois"},"content":{"rendered":"<h2>Accommodatie<\/h2>\n<div class=\"ezxmltext-field\">\n<p>Cette villa de 140 m\u00b2 (+ 40 m\u00b2 terrasse couverte) peut accueillir jusqu&rsquo;\u00e0 6 personnes.<\/p>\n<ul>\n<li>3 chambres climatis\u00e9es \u00e9quip\u00e9es chacune d&rsquo;un lit King Size (180\/200), disposant chacune d&rsquo;une salle de douche privative avec WC<\/li>\n<li>1 WC invit\u00e9<\/li>\n<li>Une cuisine am\u00e9ricaine toute \u00e9quip\u00e9e<\/li>\n<li>Un salon avec canap\u00e9 et TV, ouvert sur la terrasse face \u00e0 la piscine<\/li>\n<li>Une terrasse couverte de 30 m\u00b2 vue piscine, avec un espace repas et salon de jardin<\/li>\n<li>Une terrasse non couverte de 30 m\u00b2 \u00e0 l&rsquo;\u00e9tage avec une magnifique vue sur mer<\/li>\n<\/ul>\n<p>De la conception jusqu&rsquo;au moindre d\u00e9tails, tout a \u00e9t\u00e9 pens\u00e9 qualit\u00e9, confort, service\u2026 Aucune h\u00e9sitation possible\u2026 cette villa est pour vous !<\/p>\n<p>Jardin de 4 300 m\u00b2 commun \u00e0 la r\u00e9sidence.<\/p>\n<\/div>\n<div class=\"lire-anchors\">\n<h2>Diensten<\/h2>\n<div class=\"ezxmltext-field\">\n<p>Afin de rendre votre s\u00e9jour plus confortable, les services suivants sont mis \u00e0 votre disposition :<\/p>\n<ul>\n<li>Linge de maison fourni\u00a0(draps, serviettes de toilettes, torchons et serviettes de plage\/piscine)<\/li>\n<li>Changement des draps, serviettes de bain et serviettes de piscine 1 fois pour s\u00e9jour sup\u00e9rieur \u00e0 10 nuits<\/li>\n<li>Barbecue<\/li>\n<li>T\u00e9l\u00e9vision grand \u00e9cran, barre de son, lecteur DVD<\/li>\n<li>Acc\u00e8s internet (WiFi) avec internet illimit\u00e9<\/li>\n<li>Lave-linge, s\u00e8che-linge, s\u00e8che-cheveux<\/li>\n<li>Mise \u00e0 disposition gratuite d&rsquo;un lit b\u00e9b\u00e9 sur demande \u00e0 la r\u00e9servation<\/li>\n<li>Equipement b\u00e9b\u00e9 \u00e0 100 \u20ac pour le s\u00e9jour : chaise Haute, lit pliant, baignoire, poussette, transat, matelas de change, moustiquaire<\/li>\n<li>Possibilit\u00e9 service payant pour m\u00e9nage et changement des draps et des serviettes pendant le s\u00e9jour<\/li>\n<li>Cuve tampon afin de pallier aux \u00e9ventuelles coupures d&rsquo;eau<\/li>\n<\/ul>\n<p><em>A noter :\u00a0l\u2019organisation de f\u00eate et la venue de personnes ext\u00e9rieures \u00e0 la location sont interdites.\u00a0<\/em><\/p>\n<\/div>\n<ul>\n<li id=\"stringMenage\">Eindschoonmaak inbegrepen.<\/li>\n<\/ul>\n<h2>Recreatieve activiteiten in de buurt van de villa<\/h2>\n<div class=\"ezxmltext-field\">\n<p><strong>Sur place<\/strong>\u00a0:<\/p>\n<ul>\n<li>La piscine vous promet d&rsquo;agr\u00e9ables moments de farniente.<\/li>\n<\/ul>\n<p><strong>A proximit\u00e9 :<\/strong><\/p>\n<p>La commune de Saint-Fran\u00e7ois offre de tr\u00e8s nombreuses possibilit\u00e9s de loisirs diurnes :<\/p>\n<ul>\n<li>Golf 18 trous<\/li>\n<li>A\u00e9rodrome (parachute, survol de la Guadeloupe\u2026)<\/li>\n<li>Planche \u00e0 voile<\/li>\n<li>Surfen<\/li>\n<li>kitesurfen<\/li>\n<li>Plong\u00e9e sous marine<\/li>\n<li>P\u00eache au gros\u2026<\/li>\n<\/ul>\n<p>et nocturnes :<\/p>\n<ul>\n<li>Casino<\/li>\n<li>Discoth\u00e8ques<\/li>\n<li>Restaurants<\/li>\n<li>Bars\u2026<\/li>\n<\/ul>\n<\/div>\n<h2>Gedetailleerde specificaties<\/h2>\n<p><strong>Naam van het district<\/strong>\u00a0: Trezel<br \/>\n<strong>Zakelijke afstand\u00a0<\/strong>: 1km<br \/>\n<strong>Luchthavenafstand\u00a0<\/strong>: 37km<br \/>\n<strong>Dichtstbijzijnde strand<\/strong>\u00a0: Plage des Raisins Clairs \u00e0 environ 1400m<br \/>\nAirconditioning in alle kamers<br \/>\nPriv\u00e9 zwembad<br \/>\nDieren geweigerd<br \/>\n<strong>Woonoppervlakte\u00a0<\/strong>: 140m2<br \/>\n<strong>Totaal aantal toiletten<\/strong>\u00a0: 4<\/p>\n<h2>Slaapkamer 1<\/h2>\n<p><strong>Nb lit(s) double(s) en 180cm<\/strong>\u00a0: 1<br \/>\nAirco<br \/>\nMoustiquaire<br \/>\nExclusieve badkamer<\/p>\n<h2>Slaapkamer 2<\/h2>\n<p><strong>Aantal eenpersoonsbed(den)<\/strong>\u00a0: 2<br \/>\nAirco<br \/>\nMoustiquaire<br \/>\nExclusieve badkamer<\/p>\n<h2>Slaapkamer 3<\/h2>\n<p><strong>Etage<\/strong>\u00a0: 1er \u00e9tage<br \/>\n<strong>Nb lit(s) double(s) en 180cm<\/strong>\u00a0: 1<br \/>\nAirco<br \/>\nMoustiquaire<br \/>\nExclusieve badkamer<\/p>\n<h2>Keuken<\/h2>\n<ul class=\"no-padding\">\n<li>Plaques induction<\/li>\n<li>Oven<\/li>\n<li>Magnetron<\/li>\n<\/ul>\n<p>Grote koelkast met apart vriesvak<br \/>\nAfwasmachine<br \/>\nKoffiezetapparaat<br \/>\nNespresso<br \/>\nTosti apparaat<\/p>\n<h2>Salon<\/h2>\n<p><strong>Nb canap\u00e9(s) 1 place<\/strong>\u00a0: 2<br \/>\n<strong>Aantal 3-zitsbank(en): 3<\/strong>\u00a0: 1<\/p>\n<h2>Terras<\/h2>\n<p><strong>Oppervlakte\u00a0<\/strong>: 60m2<br \/>\n<strong>Dekking<\/strong>\u00a0: Gedeeltelijk gedekt<br \/>\n<strong>Tafelcapaciteit<\/strong>\u00a0: 6 \u00e0 8<br \/>\n<strong>Zaalcapaciteit<\/strong>\u00a0: 6 \u00e0 8<\/p>\n<h2>Zwembad<\/h2>\n<p><strong>Oppervlakte\u00a0<\/strong>: 28m2<br \/>\n<strong>Langste lengte\u00a0<\/strong>: 7m<br \/>\n<strong>Grootste breedte\u00a0<\/strong>: 4m<br \/>\n<strong>Minimale diepte\u00a0<\/strong>: 1.1m<br \/>\n<strong>Maximale diepte\u00a0<\/strong>: 1.6m<\/p>\n<p>Zout zwembad<\/p>\n<h2>Diensten<\/h2>\n<p><strong>Lakens voorzien<\/strong>\u00a0: draps, serviettes, torchons, serviettes de plage, serviettes de piscine<br \/>\nBabybedje lenen (op aanvraag bij boeking)<br \/>\nKinderstoellening (op aanvraag bij boeking)<br \/>\nPr\u00eat de poussette (sur demande \u00e0 la r\u00e9servation)<\/p>\n<h2>Tuin<\/h2>\n<p><strong>Oppervlakte\u00a0<\/strong>: 4000m2<\/p>\n<h2>Parkeerplaats<\/h2>\n<\/div>","protected":false},"excerpt":{"rendered":"<h1 class=\"u-text--headline u-margin-top-small\" style=\"text-align: justify\"><span class=\"ezstring-field\">Villa avec piscine et vue mer<br \/>\nSaint Fran\u00e7ois &#8211; Guadeloupe<\/span><\/h1>\n<p>La villa est situ\u00e9e \u00e0 1 400 m de la fameuse Plage des Raisins Clairs et \u00e0 l&rsquo;entr\u00e9e de la station baln\u00e9aire de Saint-Fran\u00e7ois. Vous serez en toute qui\u00e9tude et s\u00e9curit\u00e9, au c\u0153ur d&rsquo;une petite r\u00e9sidence s\u00e9curis\u00e9e compos\u00e9e de 2 autres villas. Les plus beaux lagons de Saint-Fran\u00e7ois se trouvent dans un p\u00e9rim\u00e8tre rapproch\u00e9. Le bourg de Saint-Fran\u00e7ois avec ses commerces et restaurants, son golf et sa marina se trouve \u00e0 environ 2 minutes en voiture. Situation id\u00e9ale pour cette tr\u00e8s jolie villa !<\/p>\n<p><img decoding=\"async\" class=\"alignnone size-medium wp-image-735\" src=\"https:\/\/www.caribianatours.be\/wp-content\/uploads\/2023\/12\/Logo-personnes.jpg\" alt=\"\" width=\"40\" height=\"37\" srcset=\"https:\/\/www.caribianatours.be\/wp-content\/uploads\/2023\/12\/Logo-personnes.jpg 40w, https:\/\/www.caribianatours.be\/wp-content\/uploads\/2023\/12\/Logo-personnes-13x12.jpg 13w\" sizes=\"(max-width: 40px) 100vw, 40px\" \/>6\u00a0personen<\/p>\n<p><img decoding=\"async\" class=\"alignnone size-medium wp-image-736\" src=\"https:\/\/www.caribianatours.be\/wp-content\/uploads\/2023\/12\/Logo-lit.jpg\" alt=\"\" width=\"40\" height=\"25\" srcset=\"https:\/\/www.caribianatours.be\/wp-content\/uploads\/2023\/12\/Logo-lit.jpg 40w, https:\/\/www.caribianatours.be\/wp-content\/uploads\/2023\/12\/Logo-lit-18x12.jpg 18w\" sizes=\"(max-width: 40px) 100vw, 40px\" \/>3 kamers<\/p>\n<p><img decoding=\"async\" class=\"alignnone size-full wp-image-734\" src=\"https:\/\/www.caribianatours.be\/wp-content\/uploads\/2023\/12\/Logo-sdb.jpg\" alt=\"\" width=\"40\" height=\"40\" srcset=\"https:\/\/www.caribianatours.be\/wp-content\/uploads\/2023\/12\/Logo-sdb.jpg 40w, https:\/\/www.caribianatours.be\/wp-content\/uploads\/2023\/12\/Logo-sdb-12x12.jpg 12w\" sizes=\"(max-width: 40px) 100vw, 40px\" \/>3\u00a0salles de bain<\/p>\n<p><img loading=\"lazy\" decoding=\"async\" class=\"alignnone size-full wp-image-737\" src=\"https:\/\/www.caribianatours.be\/wp-content\/uploads\/2023\/12\/Logo-prix.jpg\" alt=\"\" width=\"26\" height=\"36\" srcset=\"https:\/\/www.caribianatours.be\/wp-content\/uploads\/2023\/12\/Logo-prix.jpg 26w, https:\/\/www.caribianatours.be\/wp-content\/uploads\/2023\/12\/Logo-prix-9x12.jpg 9w\" sizes=\"(max-width: 26px) 100vw, 26px\" \/><\/p>\n<p><img loading=\"lazy\" decoding=\"async\" class=\"alignnone size-full wp-image-738\" src=\"https:\/\/www.caribianatours.be\/wp-content\/uploads\/2023\/12\/Logo-piscine.jpg\" alt=\"\" width=\"40\" height=\"36\" srcset=\"https:\/\/www.caribianatours.be\/wp-content\/uploads\/2023\/12\/Logo-piscine.jpg 40w, https:\/\/www.caribianatours.be\/wp-content\/uploads\/2023\/12\/Logo-piscine-13x12.jpg 13w\" sizes=\"(max-width: 40px) 100vw, 40px\" \/><\/p>\n<p><img loading=\"lazy\" decoding=\"async\" class=\"alignnone size-medium wp-image-739\" src=\"https:\/\/www.caribianatours.be\/wp-content\/uploads\/2023\/12\/Logo-plage.jpg\" alt=\"\" width=\"40\" height=\"40\" srcset=\"https:\/\/www.caribianatours.be\/wp-content\/uploads\/2023\/12\/Logo-plage.jpg 40w, https:\/\/www.caribianatours.be\/wp-content\/uploads\/2023\/12\/Logo-plage-12x12.jpg 12w\" sizes=\"(max-width: 40px) 100vw, 40px\" \/><\/p>\n<p><img loading=\"lazy\" decoding=\"async\" class=\"alignnone size-medium wp-image-740\" src=\"https:\/\/www.caribianatours.be\/wp-content\/uploads\/2023\/12\/Logo-tv.jpg\" alt=\"\" width=\"40\" height=\"33\" srcset=\"https:\/\/www.caribianatours.be\/wp-content\/uploads\/2023\/12\/Logo-tv.jpg 40w, https:\/\/www.caribianatours.be\/wp-content\/uploads\/2023\/12\/Logo-tv-15x12.jpg 15w\" sizes=\"(max-width: 40px) 100vw, 40px\" \/><\/p>\n<p><img loading=\"lazy\" decoding=\"async\" class=\"alignnone size-medium wp-image-741\" src=\"https:\/\/www.caribianatours.be\/wp-content\/uploads\/2023\/12\/Logo-wifi.jpg\" alt=\"\" width=\"40\" height=\"28\" srcset=\"https:\/\/www.caribianatours.be\/wp-content\/uploads\/2023\/12\/Logo-wifi.jpg 40w, https:\/\/www.caribianatours.be\/wp-content\/uploads\/2023\/12\/Logo-wifi-18x12.jpg 18w\" sizes=\"(max-width: 40px) 100vw, 40px\" \/><\/p>\n<p><img loading=\"lazy\" decoding=\"async\" class=\"alignnone size-medium wp-image-742\" src=\"https:\/\/www.caribianatours.be\/wp-content\/uploads\/2023\/12\/Logo-airco.jpg\" alt=\"\" width=\"35\" height=\"40\" srcset=\"https:\/\/www.caribianatours.be\/wp-content\/uploads\/2023\/12\/Logo-airco.jpg 35w, https:\/\/www.caribianatours.be\/wp-content\/uploads\/2023\/12\/Logo-airco-11x12.jpg 11w\" sizes=\"(max-width: 35px) 100vw, 35px\" \/><\/p>","protected":false},"featured_media":1214,"template":"","meta":{"_acf_changed":false,"ocean_post_layout":"","ocean_both_sidebars_style":"","ocean_both_sidebars_content_width":0,"ocean_both_sidebars_sidebars_width":0,"ocean_sidebar":"","ocean_second_sidebar":"","ocean_disable_margins":"enable","ocean_add_body_class":"","ocean_shortcode_before_top_bar":"","ocean_shortcode_after_top_bar":"","ocean_shortcode_before_header":"","ocean_shortcode_after_header":"","ocean_has_shortcode":"","ocean_shortcode_after_title":"","ocean_shortcode_before_footer_widgets":"","ocean_shortcode_after_footer_widgets":"","ocean_shortcode_before_footer_bottom":"","ocean_shortcode_after_footer_bottom":"","ocean_display_top_bar":"default","ocean_display_header":"default","ocean_header_style":"","ocean_center_header_left_menu":"","ocean_custom_header_template":"","ocean_custom_logo":0,"ocean_custom_retina_logo":0,"ocean_custom_logo_max_width":0,"ocean_custom_logo_tablet_max_width":0,"ocean_custom_logo_mobile_max_width":0,"ocean_custom_logo_max_height":0,"ocean_custom_logo_tablet_max_height":0,"ocean_custom_logo_mobile_max_height":0,"ocean_header_custom_menu":"","ocean_menu_typo_font_family":"","ocean_menu_typo_font_subset":"","ocean_menu_typo_font_size":0,"ocean_menu_typo_font_size_tablet":0,"ocean_menu_typo_font_size_mobile":0,"ocean_menu_typo_font_size_unit":"px","ocean_menu_typo_font_weight":"","ocean_menu_typo_font_weight_tablet":"","ocean_menu_typo_font_weight_mobile":"","ocean_menu_typo_transform":"","ocean_menu_typo_transform_tablet":"","ocean_menu_typo_transform_mobile":"","ocean_menu_typo_line_height":0,"ocean_menu_typo_line_height_tablet":0,"ocean_menu_typo_line_height_mobile":0,"ocean_menu_typo_line_height_unit":"","ocean_menu_typo_spacing":0,"ocean_menu_typo_spacing_tablet":0,"ocean_menu_typo_spacing_mobile":0,"ocean_menu_typo_spacing_unit":"","ocean_menu_link_color":"","ocean_menu_link_color_hover":"","ocean_menu_link_color_active":"","ocean_menu_link_background":"","ocean_menu_link_hover_background":"","ocean_menu_link_active_background":"","ocean_menu_social_links_bg":"","ocean_menu_social_hover_links_bg":"","ocean_menu_social_links_color":"","ocean_menu_social_hover_links_color":"","ocean_disable_title":"default","ocean_disable_heading":"default","ocean_post_title":"","ocean_post_subheading":"","ocean_post_title_style":"","ocean_post_title_background_color":"","ocean_post_title_background":0,"ocean_post_title_bg_image_position":"","ocean_post_title_bg_image_attachment":"","ocean_post_title_bg_image_repeat":"","ocean_post_title_bg_image_size":"","ocean_post_title_height":0,"ocean_post_title_bg_overlay":0.5,"ocean_post_title_bg_overlay_color":"","ocean_disable_breadcrumbs":"default","ocean_breadcrumbs_color":"","ocean_breadcrumbs_separator_color":"","ocean_breadcrumbs_links_color":"","ocean_breadcrumbs_links_hover_color":"","ocean_display_footer_widgets":"default","ocean_display_footer_bottom":"default","ocean_custom_footer_template":""},"product_brand":[],"product_cat":[18,23,29,24],"product_tag":[],"class_list":{"0":"post-1196","1":"product","2":"type-product","3":"status-publish","4":"has-post-thumbnail","6":"product_cat-guadeloupe","7":"product_cat-logement","8":"product_cat-pays","9":"product_cat-villas","11":"entry","12":"has-media","14":"first","15":"instock","16":"shipping-taxable","17":"purchasable","18":"product-type-simple","19":"has-product-nav","20":"col","21":"span_1_of_3","22":"owp-content-center","23":"owp-thumbs-layout-horizontal","24":"owp-btn-normal","25":"owp-tabs-layout-horizontal"},"acf":[],"_links":{"self":[{"href":"https:\/\/www.caribianatours.be\/nl\/wp-json\/wp\/v2\/product\/1196","targetHints":{"allow":["GET"]}}],"collection":[{"href":"https:\/\/www.caribianatours.be\/nl\/wp-json\/wp\/v2\/product"}],"about":[{"href":"https:\/\/www.caribianatours.be\/nl\/wp-json\/wp\/v2\/types\/product"}],"version-history":[{"count":0,"href":"https:\/\/www.caribianatours.be\/nl\/wp-json\/wp\/v2\/product\/1196\/revisions"}],"wp:featuredmedia":[{"embeddable":true,"href":"https:\/\/www.caribianatours.be\/nl\/wp-json\/wp\/v2\/media\/1214"}],"wp:attachment":[{"href":"https:\/\/www.caribianatours.be\/nl\/wp-json\/wp\/v2\/media?parent=1196"}],"wp:term":[{"taxonomy":"product_brand","embeddable":true,"href":"https:\/\/www.caribianatours.be\/nl\/wp-json\/wp\/v2\/product_brand?post=1196"},{"taxonomy":"product_cat","embeddable":true,"href":"https:\/\/www.caribianatours.be\/nl\/wp-json\/wp\/v2\/product_cat?post=1196"},{"taxonomy":"product_tag","embeddable":true,"href":"https:\/\/www.caribianatours.be\/nl\/wp-json\/wp\/v2\/product_tag?post=1196"}],"curies":[{"name":"wp","href":"https:\/\/api.w.org\/{rel}","templated":true}]}}