{"id":1223,"date":"2024-03-28T11:48:44","date_gmt":"2024-03-28T10:48:44","guid":{"rendered":"https:\/\/www.caribianatours.be\/?post_type=product&#038;p=1223"},"modified":"2024-04-04T11:01:19","modified_gmt":"2024-04-04T09:01:19","slug":"villa-6-personnes-saint-francois","status":"publish","type":"product","link":"https:\/\/www.caribianatours.be\/nl\/voyages\/villa-6-personnes-saint-francois\/","title":{"rendered":"Villa 6 personnes &#8211; Saint Fran\u00e7ois"},"content":{"rendered":"<div class=\"ezxmltext-field\">\n<h2>Accommodatie<\/h2>\n<p>Cette villa de 110 m\u00b2 (+20 m\u00b2 terrasse couverte)\u00a0compos\u00e9e de 3 chambres peut accueillir 6 personnes.<\/p>\n<ul>\n<li>Chambre climatis\u00e9e \u00e9quip\u00e9e d&rsquo;un lit Queen size (160\/200), disposant d&rsquo;une salle de douche privative avec toilette<\/li>\n<li>Chambre climatis\u00e9e \u00e9quip\u00e9e d&rsquo;un lit Queen size (160\/200), disposant d&rsquo;une salle de douche privative<\/li>\n<li>Chambre climatis\u00e9e \u00e9quip\u00e9e de deux lits simples jumelables (180\/200), disposant d&rsquo;une salle de douche privative avec toilette<\/li>\n<li>WC invit\u00e9<\/li>\n<li>Cuisine am\u00e9ricaine toute \u00e9quip\u00e9e ouverte sur la terrasse<\/li>\n<li>Salon avec canap\u00e9 et TV ouvert sur la terrasse<\/li>\n<li>Terrasse couverte bioclimatique vue piscine, avec espace repas<\/li>\n<\/ul>\n<p>Cette villa est une invitation \u00e0 la d\u00e9tente\u2026 un v\u00e9ritable r\u00eave \u00e9veill\u00e9 !<\/p>\n<\/div>\n<div class=\"lire-anchors\">\n<h2>Diensten<\/h2>\n<div class=\"ezxmltext-field\">\n<p>Afin de rendre votre s\u00e9jour plus confortable, les services suivants sont mis \u00e0 votre disposition :<\/p>\n<ul>\n<li>Levering van het 1e ontbijt<\/li>\n<li>Linge de maison fourni (draps, serviettes de toilette, torchons et serviettes de piscine)<\/li>\n<li>Barbecue charbon<\/li>\n<li>Cafeti\u00e8re \u00e0 filtre et Nespresso<\/li>\n<li>Afwasmachine<\/li>\n<li>Machine \u00e0 laver le linge<\/li>\n<li>Babybed en kinderstoel op aanvraag bij boeking<\/li>\n<li>Grande t\u00e9l\u00e9vision avec chaines By Orange dans le salon<\/li>\n<li>S\u00e8che-cheveux<\/li>\n<li>Internet et Wifi<\/li>\n<li>Villa s\u00e9curis\u00e9e avec portail<\/li>\n<li>Cuve tampon de 2000 L pour pallier aux \u00e9ventuelles coupures d&rsquo;eau<\/li>\n<\/ul>\n<\/div>\n<ul>\n<li id=\"stringMenage\">M\u00e9nage de fin de s\u00e9jour obligatoire, 120\u00a0\u20ac \u00e0 r\u00e9gler directement sur place.<\/li>\n<\/ul>\n<h2>Recreatieve activiteiten in de buurt van de villa<\/h2>\n<div class=\"ezxmltext-field\">\n<p><strong>Sur place<\/strong>\u00a0:<\/p>\n<ul>\n<li>La piscine vous promet d&rsquo;agr\u00e9ables moments de farniente.<\/li>\n<\/ul>\n<p><strong>A proximit\u00e9 :<\/strong><\/p>\n<p>La commune de Saint-Fran\u00e7ois offre de tr\u00e8s nombreuses possibilit\u00e9s de loisirs diurnes :<\/p>\n<ul>\n<li>Golf 18 trous<\/li>\n<li>A\u00e9rodrome (parachute, survol de la Guadeloupe\u2026)<\/li>\n<li>Planche \u00e0 voile<\/li>\n<li>Surfen<\/li>\n<li>kitesurfen<\/li>\n<li>Plong\u00e9e sous marine<\/li>\n<li>P\u00eache au gros\u2026<\/li>\n<\/ul>\n<p>et nocturnes :<\/p>\n<ul>\n<li>Casino<\/li>\n<li>Discoth\u00e8ques<\/li>\n<li>Restaurants<\/li>\n<li>Bars\u2026<\/li>\n<\/ul>\n<\/div>\n<h2>Gedetailleerde specificaties<\/h2>\n<p><strong>Naam van het district<\/strong>\u00a0: Trezel<br \/>\n<strong>Zakelijke afstand\u00a0<\/strong>: 1km<br \/>\n<strong>Luchthavenafstand\u00a0<\/strong>: 37km<br \/>\n<strong>Dichtstbijzijnde strand<\/strong>\u00a0: Plage des Raisins Clairs \u00e0 environ 1400m<br \/>\nAirconditioning in alle kamers<br \/>\nPriv\u00e9 zwembad<br \/>\nDieren geweigerd<br \/>\n<strong>Sterren ingerichte toeristische accommodatie<\/strong>\u00a0: 4 \u00e9toiles<br \/>\n<strong>Woonoppervlakte\u00a0<\/strong>: 110m2<br \/>\n<strong>Totaal aantal toiletten<\/strong>\u00a0: 3<\/p>\n<h2>Slaapkamer 1<\/h2>\n<p><strong>Aantal tweepersoonsbed(den) in 160cm<\/strong>\u00a0: 1<br \/>\nAirco<br \/>\nExclusieve badkamer<\/p>\n<h2>Slaapkamer 2<\/h2>\n<p><strong>Aantal tweepersoonsbed(den) in 160cm<\/strong>\u00a0: 1<br \/>\nAirco<br \/>\nExclusieve badkamer<\/p>\n<h2>Slaapkamer 3<\/h2>\n<p><strong>Aantal eenpersoonsbed(den)<\/strong>\u00a0: 2<br \/>\nAirco<br \/>\nExclusieve badkamer<\/p>\n<h2>Keuken<\/h2>\n<ul class=\"no-padding\">\n<li>Plaques induction<\/li>\n<li>Oven<\/li>\n<li>Magnetron<\/li>\n<\/ul>\n<p>Grote koelkast met apart vriesvak<br \/>\nAfwasmachine<br \/>\nKoffiezetapparaat<br \/>\nNespresso<br \/>\nTosti apparaat<\/p>\n<h2>Salon<\/h2>\n<p><strong>Aantal 3-zitsbank(en): 3<\/strong>\u00a0: 1<br \/>\n<strong>Tafelcapaciteit\u00a0<\/strong>: 6 \u00e0 8<\/p>\n<h2>Terras<\/h2>\n<p><strong>Oppervlakte\u00a0<\/strong>: 21m2<br \/>\n<strong>Dekking<\/strong>\u00a0: Couverte<br \/>\n<strong>Tafelcapaciteit<\/strong>\u00a0: 6 \u00e0 8<br \/>\n<strong>Zaalcapaciteit<\/strong>\u00a0: 2 \u00e0 4<\/p>\n<h2>Zwembad<\/h2>\n<p><strong>Oppervlakte\u00a0<\/strong>: 32m2<br \/>\n<strong>Langste lengte\u00a0<\/strong>: 8m<br \/>\n<strong>Grootste breedte\u00a0<\/strong>: 4m<br \/>\n<strong>Minimale diepte\u00a0<\/strong>: 1.5m<br \/>\n<strong>Maximale diepte\u00a0<\/strong>: 1.5m<\/p>\n<p>Zout zwembad<\/p>\n<h2>Diensten<\/h2>\n<p><strong>Lakens voorzien<\/strong>\u00a0: draps, serviettes, torchons, serviettes de piscine<br \/>\nBabybedje lenen (op aanvraag bij boeking)<br \/>\nKinderstoellening (op aanvraag bij boeking)<br \/>\nLevering van het 1e ontbijt<\/p>\n<h2>Tuin<\/h2>\n<h2>Parkeerplaats<\/h2>\n<\/div>","protected":false},"excerpt":{"rendered":"<h1 class=\"u-text--headline u-margin-top-small\" style=\"text-align: justify\"><span class=\"ezstring-field\">Villa tout confort avec piscine<br \/>\nSaint Fran\u00e7ois &#8211; Guadeloupe<\/span><\/h1>\n<p>La villa est situ\u00e9e dans la station baln\u00e9aire de Saint-Fran\u00e7ois.\u00a0Les plus beaux lagons de Saint-Fran\u00e7ois se trouvent dans un p\u00e9rim\u00e8tre rapproch\u00e9 de la villa. Le bourg de Saint-Fran\u00e7ois avec ses commerces et restaurants, son golf et sa marina se trouve \u00e0 environ 2 minutes en voiture.<\/p>\n<p><img decoding=\"async\" class=\"alignnone size-medium wp-image-735\" src=\"https:\/\/www.caribianatours.be\/wp-content\/uploads\/2023\/12\/Logo-personnes.jpg\" alt=\"\" width=\"40\" height=\"37\" srcset=\"https:\/\/www.caribianatours.be\/wp-content\/uploads\/2023\/12\/Logo-personnes.jpg 40w, https:\/\/www.caribianatours.be\/wp-content\/uploads\/2023\/12\/Logo-personnes-13x12.jpg 13w\" sizes=\"(max-width: 40px) 100vw, 40px\" \/>6\u00a0personen<\/p>\n<p><img decoding=\"async\" class=\"alignnone size-medium wp-image-736\" src=\"https:\/\/www.caribianatours.be\/wp-content\/uploads\/2023\/12\/Logo-lit.jpg\" alt=\"\" width=\"40\" height=\"25\" srcset=\"https:\/\/www.caribianatours.be\/wp-content\/uploads\/2023\/12\/Logo-lit.jpg 40w, https:\/\/www.caribianatours.be\/wp-content\/uploads\/2023\/12\/Logo-lit-18x12.jpg 18w\" sizes=\"(max-width: 40px) 100vw, 40px\" \/>3 kamers<\/p>\n<p><img decoding=\"async\" class=\"alignnone size-full wp-image-734\" src=\"https:\/\/www.caribianatours.be\/wp-content\/uploads\/2023\/12\/Logo-sdb.jpg\" alt=\"\" width=\"40\" height=\"40\" srcset=\"https:\/\/www.caribianatours.be\/wp-content\/uploads\/2023\/12\/Logo-sdb.jpg 40w, https:\/\/www.caribianatours.be\/wp-content\/uploads\/2023\/12\/Logo-sdb-12x12.jpg 12w\" sizes=\"(max-width: 40px) 100vw, 40px\" \/>3\u00a0salles de bain<\/p>\n<p><img loading=\"lazy\" decoding=\"async\" class=\"alignnone size-full wp-image-737\" src=\"https:\/\/www.caribianatours.be\/wp-content\/uploads\/2023\/12\/Logo-prix.jpg\" alt=\"\" width=\"26\" height=\"36\" srcset=\"https:\/\/www.caribianatours.be\/wp-content\/uploads\/2023\/12\/Logo-prix.jpg 26w, https:\/\/www.caribianatours.be\/wp-content\/uploads\/2023\/12\/Logo-prix-9x12.jpg 9w\" sizes=\"(max-width: 26px) 100vw, 26px\" \/><\/p>\n<p><img loading=\"lazy\" decoding=\"async\" class=\"alignnone size-full wp-image-738\" src=\"https:\/\/www.caribianatours.be\/wp-content\/uploads\/2023\/12\/Logo-piscine.jpg\" alt=\"\" width=\"40\" height=\"36\" srcset=\"https:\/\/www.caribianatours.be\/wp-content\/uploads\/2023\/12\/Logo-piscine.jpg 40w, https:\/\/www.caribianatours.be\/wp-content\/uploads\/2023\/12\/Logo-piscine-13x12.jpg 13w\" sizes=\"(max-width: 40px) 100vw, 40px\" \/><\/p>\n<p><img loading=\"lazy\" decoding=\"async\" class=\"alignnone size-medium wp-image-739\" src=\"https:\/\/www.caribianatours.be\/wp-content\/uploads\/2023\/12\/Logo-plage.jpg\" alt=\"\" width=\"40\" height=\"40\" srcset=\"https:\/\/www.caribianatours.be\/wp-content\/uploads\/2023\/12\/Logo-plage.jpg 40w, https:\/\/www.caribianatours.be\/wp-content\/uploads\/2023\/12\/Logo-plage-12x12.jpg 12w\" sizes=\"(max-width: 40px) 100vw, 40px\" \/><\/p>\n<p><img loading=\"lazy\" decoding=\"async\" class=\"alignnone size-medium wp-image-740\" src=\"https:\/\/www.caribianatours.be\/wp-content\/uploads\/2023\/12\/Logo-tv.jpg\" alt=\"\" width=\"40\" height=\"33\" srcset=\"https:\/\/www.caribianatours.be\/wp-content\/uploads\/2023\/12\/Logo-tv.jpg 40w, https:\/\/www.caribianatours.be\/wp-content\/uploads\/2023\/12\/Logo-tv-15x12.jpg 15w\" sizes=\"(max-width: 40px) 100vw, 40px\" \/><\/p>\n<p><img loading=\"lazy\" decoding=\"async\" class=\"alignnone size-medium wp-image-741\" src=\"https:\/\/www.caribianatours.be\/wp-content\/uploads\/2023\/12\/Logo-wifi.jpg\" alt=\"\" width=\"40\" height=\"28\" srcset=\"https:\/\/www.caribianatours.be\/wp-content\/uploads\/2023\/12\/Logo-wifi.jpg 40w, https:\/\/www.caribianatours.be\/wp-content\/uploads\/2023\/12\/Logo-wifi-18x12.jpg 18w\" sizes=\"(max-width: 40px) 100vw, 40px\" \/><\/p>\n<p><img loading=\"lazy\" decoding=\"async\" class=\"alignnone size-medium wp-image-742\" src=\"https:\/\/www.caribianatours.be\/wp-content\/uploads\/2023\/12\/Logo-airco.jpg\" alt=\"\" width=\"35\" height=\"40\" srcset=\"https:\/\/www.caribianatours.be\/wp-content\/uploads\/2023\/12\/Logo-airco.jpg 35w, https:\/\/www.caribianatours.be\/wp-content\/uploads\/2023\/12\/Logo-airco-11x12.jpg 11w\" sizes=\"(max-width: 35px) 100vw, 35px\" \/><\/p>","protected":false},"featured_media":1238,"template":"","meta":{"_acf_changed":false,"ocean_post_layout":"","ocean_both_sidebars_style":"","ocean_both_sidebars_content_width":0,"ocean_both_sidebars_sidebars_width":0,"ocean_sidebar":"","ocean_second_sidebar":"","ocean_disable_margins":"enable","ocean_add_body_class":"","ocean_shortcode_before_top_bar":"","ocean_shortcode_after_top_bar":"","ocean_shortcode_before_header":"","ocean_shortcode_after_header":"","ocean_has_shortcode":"","ocean_shortcode_after_title":"","ocean_shortcode_before_footer_widgets":"","ocean_shortcode_after_footer_widgets":"","ocean_shortcode_before_footer_bottom":"","ocean_shortcode_after_footer_bottom":"","ocean_display_top_bar":"default","ocean_display_header":"default","ocean_header_style":"","ocean_center_header_left_menu":"","ocean_custom_header_template":"","ocean_custom_logo":0,"ocean_custom_retina_logo":0,"ocean_custom_logo_max_width":0,"ocean_custom_logo_tablet_max_width":0,"ocean_custom_logo_mobile_max_width":0,"ocean_custom_logo_max_height":0,"ocean_custom_logo_tablet_max_height":0,"ocean_custom_logo_mobile_max_height":0,"ocean_header_custom_menu":"","ocean_menu_typo_font_family":"","ocean_menu_typo_font_subset":"","ocean_menu_typo_font_size":0,"ocean_menu_typo_font_size_tablet":0,"ocean_menu_typo_font_size_mobile":0,"ocean_menu_typo_font_size_unit":"px","ocean_menu_typo_font_weight":"","ocean_menu_typo_font_weight_tablet":"","ocean_menu_typo_font_weight_mobile":"","ocean_menu_typo_transform":"","ocean_menu_typo_transform_tablet":"","ocean_menu_typo_transform_mobile":"","ocean_menu_typo_line_height":0,"ocean_menu_typo_line_height_tablet":0,"ocean_menu_typo_line_height_mobile":0,"ocean_menu_typo_line_height_unit":"","ocean_menu_typo_spacing":0,"ocean_menu_typo_spacing_tablet":0,"ocean_menu_typo_spacing_mobile":0,"ocean_menu_typo_spacing_unit":"","ocean_menu_link_color":"","ocean_menu_link_color_hover":"","ocean_menu_link_color_active":"","ocean_menu_link_background":"","ocean_menu_link_hover_background":"","ocean_menu_link_active_background":"","ocean_menu_social_links_bg":"","ocean_menu_social_hover_links_bg":"","ocean_menu_social_links_color":"","ocean_menu_social_hover_links_color":"","ocean_disable_title":"default","ocean_disable_heading":"default","ocean_post_title":"","ocean_post_subheading":"","ocean_post_title_style":"","ocean_post_title_background_color":"","ocean_post_title_background":0,"ocean_post_title_bg_image_position":"","ocean_post_title_bg_image_attachment":"","ocean_post_title_bg_image_repeat":"","ocean_post_title_bg_image_size":"","ocean_post_title_height":0,"ocean_post_title_bg_overlay":0.5,"ocean_post_title_bg_overlay_color":"","ocean_disable_breadcrumbs":"default","ocean_breadcrumbs_color":"","ocean_breadcrumbs_separator_color":"","ocean_breadcrumbs_links_color":"","ocean_breadcrumbs_links_hover_color":"","ocean_display_footer_widgets":"default","ocean_display_footer_bottom":"default","ocean_custom_footer_template":""},"product_brand":[],"product_cat":[18,23,29,24],"product_tag":[],"class_list":{"0":"post-1223","1":"product","2":"type-product","3":"status-publish","4":"has-post-thumbnail","6":"product_cat-guadeloupe","7":"product_cat-logement","8":"product_cat-pays","9":"product_cat-villas","11":"entry","12":"has-media","14":"first","15":"instock","16":"shipping-taxable","17":"purchasable","18":"product-type-simple","19":"has-product-nav","20":"col","21":"span_1_of_3","22":"owp-content-center","23":"owp-thumbs-layout-horizontal","24":"owp-btn-normal","25":"owp-tabs-layout-horizontal"},"acf":[],"_links":{"self":[{"href":"https:\/\/www.caribianatours.be\/nl\/wp-json\/wp\/v2\/product\/1223","targetHints":{"allow":["GET"]}}],"collection":[{"href":"https:\/\/www.caribianatours.be\/nl\/wp-json\/wp\/v2\/product"}],"about":[{"href":"https:\/\/www.caribianatours.be\/nl\/wp-json\/wp\/v2\/types\/product"}],"version-history":[{"count":1,"href":"https:\/\/www.caribianatours.be\/nl\/wp-json\/wp\/v2\/product\/1223\/revisions"}],"predecessor-version":[{"id":1950,"href":"https:\/\/www.caribianatours.be\/nl\/wp-json\/wp\/v2\/product\/1223\/revisions\/1950"}],"wp:featuredmedia":[{"embeddable":true,"href":"https:\/\/www.caribianatours.be\/nl\/wp-json\/wp\/v2\/media\/1238"}],"wp:attachment":[{"href":"https:\/\/www.caribianatours.be\/nl\/wp-json\/wp\/v2\/media?parent=1223"}],"wp:term":[{"taxonomy":"product_brand","embeddable":true,"href":"https:\/\/www.caribianatours.be\/nl\/wp-json\/wp\/v2\/product_brand?post=1223"},{"taxonomy":"product_cat","embeddable":true,"href":"https:\/\/www.caribianatours.be\/nl\/wp-json\/wp\/v2\/product_cat?post=1223"},{"taxonomy":"product_tag","embeddable":true,"href":"https:\/\/www.caribianatours.be\/nl\/wp-json\/wp\/v2\/product_tag?post=1223"}],"curies":[{"name":"wp","href":"https:\/\/api.w.org\/{rel}","templated":true}]}}