{"id":877,"date":"2024-03-25T16:02:21","date_gmt":"2024-03-25T15:02:21","guid":{"rendered":"https:\/\/www.caribianatours.be\/?post_type=product&#038;p=877"},"modified":"2024-04-04T11:15:13","modified_gmt":"2024-04-04T09:15:13","slug":"villa-6-personnes-deshaies","status":"publish","type":"product","link":"https:\/\/www.caribianatours.be\/nl\/voyages\/villa-6-personnes-deshaies\/","title":{"rendered":"Villa 6 personen \u2013 Deshaies"},"content":{"rendered":"<h2>Accommodatie<\/h2>\n<div class=\"ezxmltext-field\">\n<p>Het huis van 160 m\u00b2 profiteert van een prachtig uitzicht op de zee en heeft 4 hoofdkamers:<\/p>\n<ul>\n<li>1 Master suite met 1 tweepersoonsbed 140 met badkamer en toilet<\/li>\n<li>1 slaapkamer met groot tweepersoonsbed 180<\/li>\n<li>1 slaapkamer met 2 eenpersoonsbedden en 1 slaapbank van 140 cm (kinderen\/tieners)<\/li>\n<li>1 tweede badkamer<\/li>\n<li>1 woonkamer met toegang tot het terras met hoekbank en grote flatscreen televisie<\/li>\n<li>1 goed uitgeruste Amerikaanse keuken<\/li>\n<li>1 schaduwrijk terras van 25m\u00b2 met buitenlounge, tafel en stoelen waar u uw maaltijden kunt nuttigen.<\/li>\n<\/ul>\n<p>Vanaf het terras heeft u toegang tot de grote bloemrijke tuin en het beveiligde zwembad (alarm) van 10m x 5m.<\/p>\n<p>U zult genieten van het schitterende uitzicht op de Caribische Zee!<\/p>\n<\/div>\n<div class=\"lire-anchors\">\n<h2>Diensten<\/h2>\n<div class=\"ezxmltext-field\">\n<p>Afin de vous garantir un s\u00e9jour tout confort, la villa met \u00e0 votre disposition les services suivants :<\/p>\n<ul>\n<li>Levering van het 1e ontbijt<\/li>\n<li>Huishoudlinnen voorzien (lakens, handdoeken, theedoeken)<\/li>\n<li>Mise \u00e0 disposition d&rsquo;un second jeu de draps et serviettes pour tout s\u00e9jour de plus de 10 nuits<\/li>\n<li>Barbecue<\/li>\n<li>Afwasmachine<\/li>\n<li>Machine \u00e0 laver le linge<\/li>\n<li>Lit b\u00e9b\u00e9 avec moustiquaire sur demande \u00e0 la r\u00e9servation<\/li>\n<li>Grande t\u00e9l\u00e9vision avec canal satellite et lecteur DVD<\/li>\n<li>Petite chaine-Hifi<\/li>\n<li>Internet et Wifi<\/li>\n<li>Moustiquaire \u00e0 tous les lits<\/li>\n<\/ul>\n<\/div>\n<ul>\n<li id=\"stringMenage\">M\u00e9nage de fin de s\u00e9jour obligatoire, 80\u00a0\u20ac \u00e0 r\u00e9gler directement sur place.<\/li>\n<\/ul>\n<h2>Recreatieve activiteiten in de buurt van de villa<\/h2>\n<div class=\"ezxmltext-field\">\n<p><strong>Sur place :<\/strong><\/p>\n<ul>\n<li>Farniente au bord de la piscine<\/li>\n<li>Sieste \u00e0 l&rsquo;ombre d&rsquo;un palmier<\/li>\n<\/ul>\n<p><strong>A proximit\u00e9 de tr\u00e8s nombreuses :<\/strong><\/p>\n<ul>\n<li>Plong\u00e9e libre et bouteille (nombreux clubs), notamment \u00e0 la r\u00e9serve Cousteau<\/li>\n<li>Visite du Jardin Botanique de Deshaies<\/li>\n<li>Visite du saut d&rsquo;acomat, l&rsquo;une des plus belles piscines naturelles de Guadeloupe<\/li>\n<li>Ski nautique<\/li>\n<li>Diep zee vissen<\/li>\n<li>Randonn\u00e9es dans la for\u00eat tropicale.<\/li>\n<\/ul>\n<p>Vous n&rsquo;aurez que l&#8217;embarras du choix !<\/p>\n<\/div>\n<h2>Gedetailleerde specificaties<\/h2>\n<p><strong>Naam van het district<\/strong>\u00a0: Pointe ferry<br \/>\n<strong>Zakelijke afstand\u00a0<\/strong>: 400m<br \/>\n<strong>Luchthavenafstand\u00a0<\/strong>: 43km<br \/>\n<strong>Dichtstbijzijnde strand<\/strong>\u00a0: Leroux \u00e0 environ 400m<br \/>\nAirconditioning in alle kamers<br \/>\nPriv\u00e9 zwembad<br \/>\nPetits animaux accept\u00e9s<br \/>\n<strong>Woonoppervlakte\u00a0<\/strong>: 160m2<br \/>\n<strong>Totaal aantal toiletten<\/strong>\u00a0: 2<\/p>\n<h2>S\u00e9jour<\/h2>\n<p><strong>Nb canap\u00e9(s) 2 places<\/strong>\u00a0: 1<br \/>\n<strong>Aantal 3-zitsbank(en): 3<\/strong>\u00a0: 1<\/p>\n<h2>Slaapkamer 1<\/h2>\n<p><strong>Nb lit(s) double(s)<\/strong>\u00a0: 1<br \/>\nAirco<br \/>\nMoustiquaire<br \/>\nExclusieve badkamer<\/p>\n<h2>Slaapkamer 2<\/h2>\n<p><strong>Etage<\/strong>\u00a0: Rez de chauss\u00e9e<br \/>\n<strong>Aantal eenpersoonsbed(den)<\/strong>\u00a0: 1<br \/>\n<strong>Nb lit(s) double(s) en 180cm<\/strong>\u00a0: 1<br \/>\nAirco<br \/>\nMoustiquaire<\/p>\n<h2>Slaapkamer 3<\/h2>\n<p><strong>Etage<\/strong>\u00a0: Rez de chauss\u00e9e<br \/>\n<strong>Aantal eenpersoonsbed(den)<\/strong>\u00a0: 2<br \/>\n<strong>Nb canap\u00e9-lit(s)<\/strong>\u00a0: 1<br \/>\nAirco<br \/>\nMoustiquaire<\/p>\n<h2>Keuken<\/h2>\n<ul class=\"no-padding\">\n<li>Feux au gaz<\/li>\n<li>Oven<\/li>\n<li>Magnetron<\/li>\n<\/ul>\n<p>R\u00e9frig\u00e9rateur am\u00e9ricain (cong\u00e9lateur s\u00e9par\u00e9 et distributeur de gla\u00e7ons)<br \/>\nAfwasmachine<br \/>\nKoffiezetapparaat<br \/>\nTosti apparaat<\/p>\n<h2>Terras<\/h2>\n<p><strong>Oppervlakte\u00a0<\/strong>: 25m2<br \/>\n<strong>Dekking<\/strong>\u00a0: Couverte<br \/>\n<strong>Tafelcapaciteit<\/strong>\u00a0: 4 \u00e0 6<\/p>\n<h2>Tuin<\/h2>\n<p><strong>Oppervlakte\u00a0<\/strong>: 1000m2<\/p>\n<h2>Zwembad<\/h2>\n<p><strong>Langste lengte\u00a0<\/strong>: 10m<br \/>\n<strong>Grootste breedte\u00a0<\/strong>: 5m<br \/>\n<strong>Minimale diepte\u00a0<\/strong>: 1.1m<br \/>\n<strong>Maximale diepte\u00a0<\/strong>: 2.5m<\/p>\n<h2>Diensten<\/h2>\n<p><strong>Lakens voorzien<\/strong>\u00a0: lakens, handdoeken, theedoeken<br \/>\nBabybedje lenen (op aanvraag bij boeking)<br \/>\nLevering van het 1e ontbijt<\/p>\n<h2>Parkeerplaats<\/h2>\n<\/div>","protected":false},"excerpt":{"rendered":"<h1 class=\"u-text--headline u-margin-top-small\" style=\"text-align: justify\"><span class=\"ezstring-field\">Panoramisch uitzicht en toegang tot de zee<br \/>\nDeshaies \u2013 Guadeloupe<\/span><\/h1>\n<p>Halverwege tussen Deshaies en Pointe Noire is de villa zeer goed gelegen om te profiteren van de vele bezienswaardigheden van Basse Terre in Guadeloupe: zeer mooie stranden in Deshaies, uitzonderlijk duiken in Pointe Noire, weelderige vegetatie op de heuvels... De villa is gelegen in de wijk Pointe Ferry, in een kleine luxe residentie van slechts 7 villa's. 2 kleine familiestranden met blond zand, Anse Leroux en Petite Anse, liggen op minder dan 500 meter afstand. Het prachtige strand Grande Anse ligt op een paar minuten rijden. De dorpen Deshaies en Pointe Noire liggen op ongeveer 6 km afstand. Een kleine winkel bevindt zich op 400 meter van de villa.<\/p>\n<p><img decoding=\"async\" class=\"alignnone size-medium wp-image-735\" src=\"https:\/\/www.caribianatours.be\/wp-content\/uploads\/2023\/12\/Logo-personnes.jpg\" alt=\"\" width=\"40\" height=\"37\" srcset=\"https:\/\/www.caribianatours.be\/wp-content\/uploads\/2023\/12\/Logo-personnes.jpg 40w, https:\/\/www.caribianatours.be\/wp-content\/uploads\/2023\/12\/Logo-personnes-13x12.jpg 13w\" sizes=\"(max-width: 40px) 100vw, 40px\" \/>6\u00a0personen<\/p>\n<p><img decoding=\"async\" class=\"alignnone size-medium wp-image-736\" src=\"https:\/\/www.caribianatours.be\/wp-content\/uploads\/2023\/12\/Logo-lit.jpg\" alt=\"\" width=\"40\" height=\"25\" srcset=\"https:\/\/www.caribianatours.be\/wp-content\/uploads\/2023\/12\/Logo-lit.jpg 40w, https:\/\/www.caribianatours.be\/wp-content\/uploads\/2023\/12\/Logo-lit-18x12.jpg 18w\" sizes=\"(max-width: 40px) 100vw, 40px\" \/>3 kamers<\/p>\n<p><img decoding=\"async\" class=\"alignnone size-full wp-image-734\" src=\"https:\/\/www.caribianatours.be\/wp-content\/uploads\/2023\/12\/Logo-sdb.jpg\" alt=\"\" width=\"40\" height=\"40\" srcset=\"https:\/\/www.caribianatours.be\/wp-content\/uploads\/2023\/12\/Logo-sdb.jpg 40w, https:\/\/www.caribianatours.be\/wp-content\/uploads\/2023\/12\/Logo-sdb-12x12.jpg 12w\" sizes=\"(max-width: 40px) 100vw, 40px\" \/>2 badkamers<\/p>\n<p><img loading=\"lazy\" decoding=\"async\" class=\"alignnone size-full wp-image-737\" src=\"https:\/\/www.caribianatours.be\/wp-content\/uploads\/2023\/12\/Logo-prix.jpg\" alt=\"\" width=\"26\" height=\"36\" srcset=\"https:\/\/www.caribianatours.be\/wp-content\/uploads\/2023\/12\/Logo-prix.jpg 26w, https:\/\/www.caribianatours.be\/wp-content\/uploads\/2023\/12\/Logo-prix-9x12.jpg 9w\" sizes=\"(max-width: 26px) 100vw, 26px\" \/><\/p>\n<p><img loading=\"lazy\" decoding=\"async\" class=\"alignnone size-full wp-image-738\" src=\"https:\/\/www.caribianatours.be\/wp-content\/uploads\/2023\/12\/Logo-piscine.jpg\" alt=\"\" width=\"40\" height=\"36\" srcset=\"https:\/\/www.caribianatours.be\/wp-content\/uploads\/2023\/12\/Logo-piscine.jpg 40w, https:\/\/www.caribianatours.be\/wp-content\/uploads\/2023\/12\/Logo-piscine-13x12.jpg 13w\" sizes=\"(max-width: 40px) 100vw, 40px\" \/><\/p>\n<p><img loading=\"lazy\" decoding=\"async\" class=\"alignnone size-medium wp-image-739\" src=\"https:\/\/www.caribianatours.be\/wp-content\/uploads\/2023\/12\/Logo-plage.jpg\" alt=\"\" width=\"40\" height=\"40\" srcset=\"https:\/\/www.caribianatours.be\/wp-content\/uploads\/2023\/12\/Logo-plage.jpg 40w, https:\/\/www.caribianatours.be\/wp-content\/uploads\/2023\/12\/Logo-plage-12x12.jpg 12w\" sizes=\"(max-width: 40px) 100vw, 40px\" \/><\/p>\n<p><img loading=\"lazy\" decoding=\"async\" class=\"alignnone size-medium wp-image-740\" src=\"https:\/\/www.caribianatours.be\/wp-content\/uploads\/2023\/12\/Logo-tv.jpg\" alt=\"\" width=\"40\" height=\"33\" srcset=\"https:\/\/www.caribianatours.be\/wp-content\/uploads\/2023\/12\/Logo-tv.jpg 40w, https:\/\/www.caribianatours.be\/wp-content\/uploads\/2023\/12\/Logo-tv-15x12.jpg 15w\" sizes=\"(max-width: 40px) 100vw, 40px\" \/><\/p>\n<p><img loading=\"lazy\" decoding=\"async\" class=\"alignnone size-medium wp-image-741\" src=\"https:\/\/www.caribianatours.be\/wp-content\/uploads\/2023\/12\/Logo-wifi.jpg\" alt=\"\" width=\"40\" height=\"28\" srcset=\"https:\/\/www.caribianatours.be\/wp-content\/uploads\/2023\/12\/Logo-wifi.jpg 40w, https:\/\/www.caribianatours.be\/wp-content\/uploads\/2023\/12\/Logo-wifi-18x12.jpg 18w\" sizes=\"(max-width: 40px) 100vw, 40px\" \/><\/p>\n<p><img loading=\"lazy\" decoding=\"async\" class=\"alignnone size-medium wp-image-742\" src=\"https:\/\/www.caribianatours.be\/wp-content\/uploads\/2023\/12\/Logo-airco.jpg\" alt=\"\" width=\"35\" height=\"40\" srcset=\"https:\/\/www.caribianatours.be\/wp-content\/uploads\/2023\/12\/Logo-airco.jpg 35w, https:\/\/www.caribianatours.be\/wp-content\/uploads\/2023\/12\/Logo-airco-11x12.jpg 11w\" sizes=\"(max-width: 35px) 100vw, 35px\" \/><\/p>","protected":false},"featured_media":890,"template":"","meta":{"_acf_changed":false,"ocean_post_layout":"","ocean_both_sidebars_style":"","ocean_both_sidebars_content_width":0,"ocean_both_sidebars_sidebars_width":0,"ocean_sidebar":"","ocean_second_sidebar":"","ocean_disable_margins":"enable","ocean_add_body_class":"","ocean_shortcode_before_top_bar":"","ocean_shortcode_after_top_bar":"","ocean_shortcode_before_header":"","ocean_shortcode_after_header":"","ocean_has_shortcode":"","ocean_shortcode_after_title":"","ocean_shortcode_before_footer_widgets":"","ocean_shortcode_after_footer_widgets":"","ocean_shortcode_before_footer_bottom":"","ocean_shortcode_after_footer_bottom":"","ocean_display_top_bar":"default","ocean_display_header":"default","ocean_header_style":"","ocean_center_header_left_menu":"","ocean_custom_header_template":"","ocean_custom_logo":0,"ocean_custom_retina_logo":0,"ocean_custom_logo_max_width":0,"ocean_custom_logo_tablet_max_width":0,"ocean_custom_logo_mobile_max_width":0,"ocean_custom_logo_max_height":0,"ocean_custom_logo_tablet_max_height":0,"ocean_custom_logo_mobile_max_height":0,"ocean_header_custom_menu":"","ocean_menu_typo_font_family":"","ocean_menu_typo_font_subset":"","ocean_menu_typo_font_size":0,"ocean_menu_typo_font_size_tablet":0,"ocean_menu_typo_font_size_mobile":0,"ocean_menu_typo_font_size_unit":"px","ocean_menu_typo_font_weight":"","ocean_menu_typo_font_weight_tablet":"","ocean_menu_typo_font_weight_mobile":"","ocean_menu_typo_transform":"","ocean_menu_typo_transform_tablet":"","ocean_menu_typo_transform_mobile":"","ocean_menu_typo_line_height":0,"ocean_menu_typo_line_height_tablet":0,"ocean_menu_typo_line_height_mobile":0,"ocean_menu_typo_line_height_unit":"","ocean_menu_typo_spacing":0,"ocean_menu_typo_spacing_tablet":0,"ocean_menu_typo_spacing_mobile":0,"ocean_menu_typo_spacing_unit":"","ocean_menu_link_color":"","ocean_menu_link_color_hover":"","ocean_menu_link_color_active":"","ocean_menu_link_background":"","ocean_menu_link_hover_background":"","ocean_menu_link_active_background":"","ocean_menu_social_links_bg":"","ocean_menu_social_hover_links_bg":"","ocean_menu_social_links_color":"","ocean_menu_social_hover_links_color":"","ocean_disable_title":"default","ocean_disable_heading":"default","ocean_post_title":"","ocean_post_subheading":"","ocean_post_title_style":"","ocean_post_title_background_color":"","ocean_post_title_background":0,"ocean_post_title_bg_image_position":"","ocean_post_title_bg_image_attachment":"","ocean_post_title_bg_image_repeat":"","ocean_post_title_bg_image_size":"","ocean_post_title_height":0,"ocean_post_title_bg_overlay":0.5,"ocean_post_title_bg_overlay_color":"","ocean_disable_breadcrumbs":"default","ocean_breadcrumbs_color":"","ocean_breadcrumbs_separator_color":"","ocean_breadcrumbs_links_color":"","ocean_breadcrumbs_links_hover_color":"","ocean_display_footer_widgets":"default","ocean_display_footer_bottom":"default","ocean_custom_footer_template":""},"product_brand":[],"product_cat":[18,23,29,24],"product_tag":[],"class_list":{"0":"post-877","1":"product","2":"type-product","3":"status-publish","4":"has-post-thumbnail","6":"product_cat-guadeloupe","7":"product_cat-logement","8":"product_cat-pays","9":"product_cat-villas","11":"entry","12":"has-media","14":"first","15":"instock","16":"shipping-taxable","17":"purchasable","18":"product-type-simple","19":"has-product-nav","20":"col","21":"span_1_of_3","22":"owp-content-center","23":"owp-thumbs-layout-horizontal","24":"owp-btn-normal","25":"owp-tabs-layout-horizontal"},"acf":[],"_links":{"self":[{"href":"https:\/\/www.caribianatours.be\/nl\/wp-json\/wp\/v2\/product\/877","targetHints":{"allow":["GET"]}}],"collection":[{"href":"https:\/\/www.caribianatours.be\/nl\/wp-json\/wp\/v2\/product"}],"about":[{"href":"https:\/\/www.caribianatours.be\/nl\/wp-json\/wp\/v2\/types\/product"}],"version-history":[{"count":0,"href":"https:\/\/www.caribianatours.be\/nl\/wp-json\/wp\/v2\/product\/877\/revisions"}],"wp:featuredmedia":[{"embeddable":true,"href":"https:\/\/www.caribianatours.be\/nl\/wp-json\/wp\/v2\/media\/890"}],"wp:attachment":[{"href":"https:\/\/www.caribianatours.be\/nl\/wp-json\/wp\/v2\/media?parent=877"}],"wp:term":[{"taxonomy":"product_brand","embeddable":true,"href":"https:\/\/www.caribianatours.be\/nl\/wp-json\/wp\/v2\/product_brand?post=877"},{"taxonomy":"product_cat","embeddable":true,"href":"https:\/\/www.caribianatours.be\/nl\/wp-json\/wp\/v2\/product_cat?post=877"},{"taxonomy":"product_tag","embeddable":true,"href":"https:\/\/www.caribianatours.be\/nl\/wp-json\/wp\/v2\/product_tag?post=877"}],"curies":[{"name":"wp","href":"https:\/\/api.w.org\/{rel}","templated":true}]}}