{"id":897,"date":"2024-03-25T16:28:12","date_gmt":"2024-03-25T15:28:12","guid":{"rendered":"https:\/\/www.caribianatours.be\/?post_type=product&#038;p=897"},"modified":"2024-04-04T11:14:43","modified_gmt":"2024-04-04T09:14:43","slug":"villa-12-personnes-deshaies-2","status":"publish","type":"product","link":"https:\/\/www.caribianatours.be\/nl\/voyages\/villa-12-personnes-deshaies-2\/","title":{"rendered":"Villa 12 personnes &#8211; Deshaies"},"content":{"rendered":"<h2>Accommodatie<\/h2>\n<div class=\"ezxmltext-field\">\n<p>D&rsquo;une superficie de 130 m\u00b2\u00a0 (+ 160 m\u00b2 de terrasse), cette villa\u00a0peut accueillir jusqu&rsquo;\u00e0 12 personnes :<\/p>\n<ul>\n<li>1 suite Parentale climatis\u00e9e et \u00e9quip\u00e9e d&rsquo;un lit double\u00a0Queen Size (160 cm),\u00a0 salle de douche et wc privatifs<\/li>\n<li>2 chambres climatis\u00e9es, meubl\u00e9e chacune d&rsquo;un lit double\u00a0Queen Size (160 cm)\u00a0et d&rsquo;un lit simple,<\/li>\n<li>1 Salle de douche ind\u00e9pendante commune aux deux chambres,<\/li>\n<li>En mezzanine ferm\u00e9e, 1 chambre climatis\u00e9e et \u00e9quip\u00e9e d&rsquo;un lit double\u00a0Queen Size (160 cm) et de deux lits simples, avec sa salle de douche privative,<\/li>\n<li>1 cuisine enti\u00e8rement \u00e9quip\u00e9e,<\/li>\n<li>1 salon ouvert sur la terrasse,<\/li>\n<li>1 grande terrasse am\u00e9nag\u00e9e et meubl\u00e9e : salle \u00e0 manger, salon zen, hamac, espace de jeux<\/li>\n<li>1 grande piscine 5 x 10 \u00e9clair\u00e9e, bord\u00e9e d&rsquo;un large deck avec bains de soleil, et transats<\/li>\n<\/ul>\n<p>Cette villa est le lieu id\u00e9al pour vous retrouver en famille ou entre amis et passer des vacances inoubliables en Guadeloupe !<\/p>\n<p><em>A savoir : Les tarifs diff\u00e8rent en fonction du nombre d&rsquo;occupants et du nombre de pi\u00e8ces lou\u00e9es (un tarif pour 3 chambres et 6 personnes maximum &#8211; un tarif pour 3 chambres et 8 personnes maximum &#8211;\u00a0un tarif pour 4 chambres et 10 personnes maximum &#8211;\u00a0un tarif pour 4 chambres et 12 personnes maximum).<\/em><\/p>\n<p><em>A NOTER : Villa enti\u00e8rement r\u00e9nov\u00e9e en d\u00e9cembre 2022 &#8211; nouveau propri\u00e9taire\u00a0<\/em><\/p>\n<\/div>\n<div class=\"lire-anchors\">\n<h2>Diensten<\/h2>\n<div class=\"ezxmltext-field\">\n<p>Afin de rendre votre s\u00e9jour plus confortable, les services suivants sont mis \u00e0 votre disposition :<\/p>\n<ul>\n<li>Linge de maison fourni (draps, serviettes de toilette, torchons) avec recouche toutes les 7 nuit\u00e9es<\/li>\n<li>Barbecue, coffre-fort<\/li>\n<li>Afwasmachine<\/li>\n<li>Machine \u00e0 laver le linge et s\u00e8che-linge, table \u00e0 repasser<\/li>\n<li>Lit b\u00e9b\u00e9 sur demande \u00e0 la r\u00e9servation<\/li>\n<li>T\u00e9l\u00e9vision dans salon,<\/li>\n<li>Internet et Wifi, TV By Orange<\/li>\n<li>Cuve tampon afin de pallier aux \u00e9ventuelles coupures d&rsquo;eau<\/li>\n<li>Taxe de s\u00e9jour incluse<\/li>\n<\/ul>\n<p><em>La villa se trouve sur le m\u00eame terrain (voir photos de dr\u00f4ne) que la villa GPDH14 &#8211; les deux villas ne sont pas sans vis \u00e0 vis.<\/em><\/p>\n<\/div>\n<ul>\n<li id=\"stringMenage\">Eindschoonmaak inbegrepen.<\/li>\n<\/ul>\n<h2>Recreatieve activiteiten in de buurt van de villa<\/h2>\n<div class=\"ezxmltext-field\">\n<p><strong>Sur place :<\/strong><\/p>\n<ul>\n<li>La grande piscine 5 X 10 promet d&rsquo;agr\u00e9ables moment de farniente et de jeux, (s\u00e9curit\u00e9 alarme et barri\u00e8re piscine amovible)<\/li>\n<\/ul>\n<p><strong>A proximit\u00e9 de tr\u00e8s nombreuses :<\/strong><\/p>\n<ul>\n<li>Plong\u00e9e libre et bouteille (nombreux clubs), notamment \u00e0 la r\u00e9serve Cousteau<\/li>\n<li>Visite du Jardin Botanique de Deshaies<\/li>\n<li>Visite des Chutes du Carbet<\/li>\n<li>Visite du Saut d&rsquo;Acomat, l&rsquo;une des plus belles piscines naturelles de Guadeloupe<\/li>\n<li>Ski nautique \u00e0 l&rsquo;h\u00f4tel Fort Royal : planche \u00e0 voile, d\u00e9riveur, scooter des mers&#8230;<\/li>\n<li>P\u00eache au gros et traditionnelle<\/li>\n<li>Randonn\u00e9es dans la for\u00eat tropicale<\/li>\n<li>Ballade \u00e0 cheval<\/li>\n<li>Randonn\u00e9es p\u00e9destres entre les plages de Grande Anse et de la Perle<\/li>\n<li>Excursions dans le Grand Cul-de-sac marin \u00e0 Sainte-Rose, avec d\u00e9couverte de la Mangrove et de la barri\u00e8re de corail.<\/li>\n<\/ul>\n<p>Vous n&rsquo;aurez que l&#8217;embarras du choix !<\/p>\n<\/div>\n<h2>Gedetailleerde specificaties<\/h2>\n<p><strong>Naam van het district<\/strong>\u00a0: Lieu dit Ziotte<br \/>\n<strong>Zakelijke afstand\u00a0<\/strong>: 50m<br \/>\n<strong>Luchthavenafstand\u00a0<\/strong>: 43km<br \/>\n<strong>Dichtstbijzijnde strand<\/strong>\u00a0: Plage de Grande Anse \u00e0 environ 200m<br \/>\nAirconditioning in alle kamers<br \/>\nPriv\u00e9 zwembad<br \/>\nDieren geweigerd<br \/>\n<strong>Woonoppervlakte\u00a0<\/strong>: 130m2<br \/>\n<strong>Totaal aantal toiletten<\/strong>\u00a0: 3<\/p>\n<h2>Slaapkamer 1<\/h2>\n<p><strong>Etage<\/strong>\u00a0: Rez de chauss\u00e9e<br \/>\n<strong>Aantal tweepersoonsbed(den) in 160cm<\/strong>\u00a0: 1<br \/>\nAirco<br \/>\nMoustiquaire<br \/>\nExclusieve badkamer<\/p>\n<h2>Slaapkamer 2<\/h2>\n<p><strong>Etage<\/strong>\u00a0: Rez de chauss\u00e9e<br \/>\n<strong>Aantal eenpersoonsbed(den)<\/strong>\u00a0: 1<br \/>\n<strong>Aantal tweepersoonsbed(den) in 160cm<\/strong>\u00a0: 1<br \/>\nAirco<br \/>\nMoustiquaire<\/p>\n<h2>Slaapkamer 3<\/h2>\n<p><strong>Etage<\/strong>\u00a0: Rez de chauss\u00e9e<br \/>\n<strong>Aantal eenpersoonsbed(den)<\/strong>\u00a0: 1<br \/>\n<strong>Aantal tweepersoonsbed(den) in 160cm<\/strong>\u00a0: 1<br \/>\nAirco<br \/>\nMoustiquaire<\/p>\n<h2>Slaapkamer 4<\/h2>\n<p><strong>Etage<\/strong>\u00a0: 1er \u00e9tage<br \/>\n<strong>Aantal eenpersoonsbed(den)<\/strong>\u00a0: 2<br \/>\n<strong>Aantal tweepersoonsbed(den) in 160cm<\/strong>\u00a0: 1<br \/>\nAirco<br \/>\nExclusieve badkamer<\/p>\n<h2>Keuken<\/h2>\n<ul class=\"no-padding\">\n<li>Feux au gaz<\/li>\n<li>Oven<\/li>\n<li>Magnetron<\/li>\n<\/ul>\n<p>R\u00e9frig\u00e9rateur am\u00e9ricain (cong\u00e9lateur s\u00e9par\u00e9 et distributeur de gla\u00e7ons)<br \/>\nAfwasmachine<br \/>\nKoffiezetapparaat<br \/>\nTosti apparaat<\/p>\n<h2>Salon<\/h2>\n<p><strong>Nb canap\u00e9(s) 1 place<\/strong>\u00a0: 2<br \/>\n<strong>Aantal 3-zitsbank(en): 3<\/strong>\u00a0: 1<\/p>\n<h2>Terras<\/h2>\n<p><strong>Oppervlakte\u00a0<\/strong>: 120m2<br \/>\n<strong>Dekking<\/strong>\u00a0: Couverte<br \/>\n<strong>Tafelcapaciteit<\/strong>\u00a0: 10 \u00e0 12<br \/>\n<strong>Zaalcapaciteit<\/strong>\u00a0: 8 \u00e0 10<\/p>\n<h2>Diensten<\/h2>\n<p><strong>Lakens voorzien<\/strong>\u00a0: lakens, handdoeken, theedoeken<br \/>\nBabybedje lenen (op aanvraag bij boeking)<\/p>\n<h2>Zwembad<\/h2>\n<p><strong>Oppervlakte\u00a0<\/strong>: 50m2<br \/>\n<strong>Langste lengte\u00a0<\/strong>: 10m<br \/>\n<strong>Grootste breedte\u00a0<\/strong>: 5m<br \/>\n<strong>Minimale diepte\u00a0<\/strong>: 0.6m<br \/>\n<strong>Maximale diepte\u00a0<\/strong>: 1.8m<\/p>\n<ul class=\"no-padding\">\n<li>Filet amovible<\/li>\n<\/ul>\n<h2>Parkeerplaats<\/h2>\n<\/div>","protected":false},"excerpt":{"rendered":"<h1 class=\"u-text--headline u-margin-top-small\" style=\"text-align: justify\"><span class=\"ezstring-field\">A 200m de la plage Grande Anse<br \/>\nDeshaies \u2013 Guadeloupe<\/span><\/h1>\n<p>Situ\u00e9e \u00e0 200m de la plage de Grande Anse, cette villa de standing peut accueillir jusqu&rsquo;\u00e0 12 personnes. Villa cr\u00e9ole traditionnelle compl\u00e8tement r\u00e9nov\u00e9e, elle se cache au c\u0153ur d&rsquo;une propri\u00e9t\u00e9 ind\u00e9pendante de 3 000 m2, arbor\u00e9e et fleurie. C&rsquo;est le lieu id\u00e9al pour vous retrouver en famille ou entre amis. La villa se situe en Basse-Terre, sur la commune de Deshaies, charmant village de p\u00eacheurs. Cach\u00e9e au c\u0153ur d&rsquo;une propri\u00e9t\u00e9 ind\u00e9pendante de 3 000 m\u00b2, arbor\u00e9e et fleurie, vous \u00eates \u00e0 moins de 200 m d&rsquo;une des plages les plus connues de Guadeloupe, la plage de Grande Anse. Vous \u00eates \u00e9galement \u00e0 50 m des commerces et \u00e0 1.5 km du bourg de Deshaies.<\/p>\n<p><img decoding=\"async\" class=\"alignnone size-medium wp-image-735\" src=\"https:\/\/www.caribianatours.be\/wp-content\/uploads\/2023\/12\/Logo-personnes.jpg\" alt=\"\" width=\"40\" height=\"37\" srcset=\"https:\/\/www.caribianatours.be\/wp-content\/uploads\/2023\/12\/Logo-personnes.jpg 40w, https:\/\/www.caribianatours.be\/wp-content\/uploads\/2023\/12\/Logo-personnes-13x12.jpg 13w\" sizes=\"(max-width: 40px) 100vw, 40px\" \/>12\u00a0personnes<\/p>\n<p><img decoding=\"async\" class=\"alignnone size-medium wp-image-736\" src=\"https:\/\/www.caribianatours.be\/wp-content\/uploads\/2023\/12\/Logo-lit.jpg\" alt=\"\" width=\"40\" height=\"25\" srcset=\"https:\/\/www.caribianatours.be\/wp-content\/uploads\/2023\/12\/Logo-lit.jpg 40w, https:\/\/www.caribianatours.be\/wp-content\/uploads\/2023\/12\/Logo-lit-18x12.jpg 18w\" sizes=\"(max-width: 40px) 100vw, 40px\" \/>4\u00a0chambres<\/p>\n<p><img decoding=\"async\" class=\"alignnone size-full wp-image-734\" src=\"https:\/\/www.caribianatours.be\/wp-content\/uploads\/2023\/12\/Logo-sdb.jpg\" alt=\"\" width=\"40\" height=\"40\" srcset=\"https:\/\/www.caribianatours.be\/wp-content\/uploads\/2023\/12\/Logo-sdb.jpg 40w, https:\/\/www.caribianatours.be\/wp-content\/uploads\/2023\/12\/Logo-sdb-12x12.jpg 12w\" sizes=\"(max-width: 40px) 100vw, 40px\" \/>3\u00a0salles de bain<\/p>\n<p><img loading=\"lazy\" decoding=\"async\" class=\"alignnone size-full wp-image-737\" src=\"https:\/\/www.caribianatours.be\/wp-content\/uploads\/2023\/12\/Logo-prix.jpg\" alt=\"\" width=\"26\" height=\"36\" srcset=\"https:\/\/www.caribianatours.be\/wp-content\/uploads\/2023\/12\/Logo-prix.jpg 26w, https:\/\/www.caribianatours.be\/wp-content\/uploads\/2023\/12\/Logo-prix-9x12.jpg 9w\" sizes=\"(max-width: 26px) 100vw, 26px\" \/><\/p>\n<p><img loading=\"lazy\" decoding=\"async\" class=\"alignnone size-full wp-image-738\" src=\"https:\/\/www.caribianatours.be\/wp-content\/uploads\/2023\/12\/Logo-piscine.jpg\" alt=\"\" width=\"40\" height=\"36\" srcset=\"https:\/\/www.caribianatours.be\/wp-content\/uploads\/2023\/12\/Logo-piscine.jpg 40w, https:\/\/www.caribianatours.be\/wp-content\/uploads\/2023\/12\/Logo-piscine-13x12.jpg 13w\" sizes=\"(max-width: 40px) 100vw, 40px\" \/><\/p>\n<p><img loading=\"lazy\" decoding=\"async\" class=\"alignnone size-medium wp-image-739\" src=\"https:\/\/www.caribianatours.be\/wp-content\/uploads\/2023\/12\/Logo-plage.jpg\" alt=\"\" width=\"40\" height=\"40\" srcset=\"https:\/\/www.caribianatours.be\/wp-content\/uploads\/2023\/12\/Logo-plage.jpg 40w, https:\/\/www.caribianatours.be\/wp-content\/uploads\/2023\/12\/Logo-plage-12x12.jpg 12w\" sizes=\"(max-width: 40px) 100vw, 40px\" \/><\/p>\n<p><img loading=\"lazy\" decoding=\"async\" class=\"alignnone size-medium wp-image-740\" src=\"https:\/\/www.caribianatours.be\/wp-content\/uploads\/2023\/12\/Logo-tv.jpg\" alt=\"\" width=\"40\" height=\"33\" srcset=\"https:\/\/www.caribianatours.be\/wp-content\/uploads\/2023\/12\/Logo-tv.jpg 40w, https:\/\/www.caribianatours.be\/wp-content\/uploads\/2023\/12\/Logo-tv-15x12.jpg 15w\" sizes=\"(max-width: 40px) 100vw, 40px\" \/><\/p>\n<p><img loading=\"lazy\" decoding=\"async\" class=\"alignnone size-medium wp-image-741\" src=\"https:\/\/www.caribianatours.be\/wp-content\/uploads\/2023\/12\/Logo-wifi.jpg\" alt=\"\" width=\"40\" height=\"28\" srcset=\"https:\/\/www.caribianatours.be\/wp-content\/uploads\/2023\/12\/Logo-wifi.jpg 40w, https:\/\/www.caribianatours.be\/wp-content\/uploads\/2023\/12\/Logo-wifi-18x12.jpg 18w\" sizes=\"(max-width: 40px) 100vw, 40px\" \/><\/p>\n<p><img loading=\"lazy\" decoding=\"async\" class=\"alignnone size-medium wp-image-742\" src=\"https:\/\/www.caribianatours.be\/wp-content\/uploads\/2023\/12\/Logo-airco.jpg\" alt=\"\" width=\"35\" height=\"40\" srcset=\"https:\/\/www.caribianatours.be\/wp-content\/uploads\/2023\/12\/Logo-airco.jpg 35w, https:\/\/www.caribianatours.be\/wp-content\/uploads\/2023\/12\/Logo-airco-11x12.jpg 11w\" sizes=\"(max-width: 35px) 100vw, 35px\" \/><\/p>","protected":false},"featured_media":923,"template":"","meta":{"_acf_changed":false,"ocean_post_layout":"","ocean_both_sidebars_style":"","ocean_both_sidebars_content_width":0,"ocean_both_sidebars_sidebars_width":0,"ocean_sidebar":"","ocean_second_sidebar":"","ocean_disable_margins":"enable","ocean_add_body_class":"","ocean_shortcode_before_top_bar":"","ocean_shortcode_after_top_bar":"","ocean_shortcode_before_header":"","ocean_shortcode_after_header":"","ocean_has_shortcode":"","ocean_shortcode_after_title":"","ocean_shortcode_before_footer_widgets":"","ocean_shortcode_after_footer_widgets":"","ocean_shortcode_before_footer_bottom":"","ocean_shortcode_after_footer_bottom":"","ocean_display_top_bar":"default","ocean_display_header":"default","ocean_header_style":"","ocean_center_header_left_menu":"","ocean_custom_header_template":"","ocean_custom_logo":0,"ocean_custom_retina_logo":0,"ocean_custom_logo_max_width":0,"ocean_custom_logo_tablet_max_width":0,"ocean_custom_logo_mobile_max_width":0,"ocean_custom_logo_max_height":0,"ocean_custom_logo_tablet_max_height":0,"ocean_custom_logo_mobile_max_height":0,"ocean_header_custom_menu":"","ocean_menu_typo_font_family":"","ocean_menu_typo_font_subset":"","ocean_menu_typo_font_size":0,"ocean_menu_typo_font_size_tablet":0,"ocean_menu_typo_font_size_mobile":0,"ocean_menu_typo_font_size_unit":"px","ocean_menu_typo_font_weight":"","ocean_menu_typo_font_weight_tablet":"","ocean_menu_typo_font_weight_mobile":"","ocean_menu_typo_transform":"","ocean_menu_typo_transform_tablet":"","ocean_menu_typo_transform_mobile":"","ocean_menu_typo_line_height":0,"ocean_menu_typo_line_height_tablet":0,"ocean_menu_typo_line_height_mobile":0,"ocean_menu_typo_line_height_unit":"","ocean_menu_typo_spacing":0,"ocean_menu_typo_spacing_tablet":0,"ocean_menu_typo_spacing_mobile":0,"ocean_menu_typo_spacing_unit":"","ocean_menu_link_color":"","ocean_menu_link_color_hover":"","ocean_menu_link_color_active":"","ocean_menu_link_background":"","ocean_menu_link_hover_background":"","ocean_menu_link_active_background":"","ocean_menu_social_links_bg":"","ocean_menu_social_hover_links_bg":"","ocean_menu_social_links_color":"","ocean_menu_social_hover_links_color":"","ocean_disable_title":"default","ocean_disable_heading":"default","ocean_post_title":"","ocean_post_subheading":"","ocean_post_title_style":"","ocean_post_title_background_color":"","ocean_post_title_background":0,"ocean_post_title_bg_image_position":"","ocean_post_title_bg_image_attachment":"","ocean_post_title_bg_image_repeat":"","ocean_post_title_bg_image_size":"","ocean_post_title_height":0,"ocean_post_title_bg_overlay":0.5,"ocean_post_title_bg_overlay_color":"","ocean_disable_breadcrumbs":"default","ocean_breadcrumbs_color":"","ocean_breadcrumbs_separator_color":"","ocean_breadcrumbs_links_color":"","ocean_breadcrumbs_links_hover_color":"","ocean_display_footer_widgets":"default","ocean_display_footer_bottom":"default","ocean_custom_footer_template":""},"product_brand":[],"product_cat":[18,23,29,24],"product_tag":[],"class_list":{"0":"post-897","1":"product","2":"type-product","3":"status-publish","4":"has-post-thumbnail","6":"product_cat-guadeloupe","7":"product_cat-logement","8":"product_cat-pays","9":"product_cat-villas","11":"entry","12":"has-media","14":"first","15":"instock","16":"shipping-taxable","17":"purchasable","18":"product-type-simple","19":"has-product-nav","20":"col","21":"span_1_of_3","22":"owp-content-center","23":"owp-thumbs-layout-horizontal","24":"owp-btn-normal","25":"owp-tabs-layout-horizontal"},"acf":[],"_links":{"self":[{"href":"https:\/\/www.caribianatours.be\/nl\/wp-json\/wp\/v2\/product\/897","targetHints":{"allow":["GET"]}}],"collection":[{"href":"https:\/\/www.caribianatours.be\/nl\/wp-json\/wp\/v2\/product"}],"about":[{"href":"https:\/\/www.caribianatours.be\/nl\/wp-json\/wp\/v2\/types\/product"}],"version-history":[{"count":0,"href":"https:\/\/www.caribianatours.be\/nl\/wp-json\/wp\/v2\/product\/897\/revisions"}],"wp:featuredmedia":[{"embeddable":true,"href":"https:\/\/www.caribianatours.be\/nl\/wp-json\/wp\/v2\/media\/923"}],"wp:attachment":[{"href":"https:\/\/www.caribianatours.be\/nl\/wp-json\/wp\/v2\/media?parent=897"}],"wp:term":[{"taxonomy":"product_brand","embeddable":true,"href":"https:\/\/www.caribianatours.be\/nl\/wp-json\/wp\/v2\/product_brand?post=897"},{"taxonomy":"product_cat","embeddable":true,"href":"https:\/\/www.caribianatours.be\/nl\/wp-json\/wp\/v2\/product_cat?post=897"},{"taxonomy":"product_tag","embeddable":true,"href":"https:\/\/www.caribianatours.be\/nl\/wp-json\/wp\/v2\/product_tag?post=897"}],"curies":[{"name":"wp","href":"https:\/\/api.w.org\/{rel}","templated":true}]}}