{"id":942,"date":"2024-03-25T16:45:24","date_gmt":"2024-03-25T15:45:24","guid":{"rendered":"https:\/\/www.caribianatours.be\/?post_type=product&#038;p=942"},"modified":"2024-04-04T11:14:07","modified_gmt":"2024-04-04T09:14:07","slug":"villa-10-personnes-deshaies","status":"publish","type":"product","link":"https:\/\/www.caribianatours.be\/nl\/voyages\/villa-10-personnes-deshaies\/","title":{"rendered":"Villa 10 personen \u2013 Deshaies"},"content":{"rendered":"<h2>Accommodatie<\/h2>\n<div class=\"ezxmltext-field\">\n<p>La villa de 200m\u00b2, (+ 100m\u00b2 terrasse) pouvant accueillir jusqu&rsquo;\u00e0 8 personnes et d&rsquo;un appartement ci-dessous en rez de chauss\u00e9e, pouvant accueillir 2 personnes.<\/p>\n<p>La villa se compose ainsi :<\/p>\n<ul>\n<li>Suite Terrasse \u00e9quip\u00e9e d&rsquo;un couchage double King Size (200\/200) avec dressing, salle de douche privative, et toilette privatif. Une terrasse privative<\/li>\n<li>Suite \u00e9quip\u00e9e d&rsquo;un couchage double (160\/200) avec dressing, salle de douche privative, et toilette privative<\/li>\n<li>Suite \u00e9quip\u00e9e d&rsquo;un couchage double (140\/200), salle de douche privative, et toilette privative<\/li>\n<li>Chambre Twin, 2 couchages de (90\/200) avec possibilit\u00e9 d\u2019un jumelage des lits pour obtenir un couchage de (180\/200)<\/li>\n<li>Un vaste salon avec acc\u00e8s direct sur la terrasse et vue mer et montagne<\/li>\n<li>Une grande cuisine enti\u00e8rement \u00e9quip\u00e9e, avec une arri\u00e8re cuisine<\/li>\n<li>Une vaste terrasse en bois avec une piscine \u00e0 d\u00e9bordement.<\/li>\n<\/ul>\n<p>L&rsquo;Appartement est am\u00e9nag\u00e9 comme suit :<\/p>\n<ul>\n<li>une chambre climatis\u00e9e avec lit double Quee Size (160\/200)<\/li>\n<li>un salon climatis\u00e9 avec 1 canap\u00e9 lits en 140cm<\/li>\n<li>une kitchenette<\/li>\n<li>une salle de douche et une salle de bain ind\u00e9pendante<\/li>\n<li>un WC ind\u00e9pendant.<\/li>\n<\/ul>\n<p>Une vue \u00e9poustouflante sur la mer des cara\u00efbes et la montagne, des prestations de luxe,\u00a0une d\u00e9coration ethnique raffin\u00e9e&#8230;\u00a0L&rsquo;endroit est idyllique !!!<\/p>\n<p><em>IMPORTANT : pour le confort de tous la villa est adapt\u00e9e uniquement aux adultes.<\/em><br \/>\n<em>A savoir : Les tarifs diff\u00e8rent en fonction du nombre d&rsquo;occupants et du nombre de pi\u00e8ces lou\u00e9es (un tarif pour la villa principale uniquement (4 chambres, 8 personnes maximum), un tarif pour la villa principale + l&rsquo;appartement (5 chambres, 10 personnes maximum)).<\/em><\/p>\n<p><em>A noter : les propri\u00e9taires vivent dans le loft situ\u00e9 en rez de chauss\u00e9e de la villa &#8211; il n&rsquo;y a aucun vis \u00e0 vis avec eux et leur entr\u00e9e est totalement ind\u00e9pendante &#8211; donc aucune g\u00eane &#8211; ils ne seront pr\u00e9sents qu&rsquo;\u00e0 votre demande !<\/em><\/p>\n<\/div>\n<div class=\"lire-anchors\">\n<h2>Diensten<\/h2>\n<div class=\"ezxmltext-field\">\n<p>Om uw verblijf comfortabeler te maken, worden u de volgende diensten aangeboden:<\/p>\n<ul>\n<li>Linge de maison fourni (draps, serviettes de toilette, torchons, serviettes de piscine)<\/li>\n<li>Barbecue<\/li>\n<li>Lave-vaisselle, Distributeur de gla\u00e7ons, Mixeur \u00e0 jus<\/li>\n<li>Machine \u00e0 laver le linge et s\u00e8che-linge, table et fer \u00e0 repasser<\/li>\n<li>Lit b\u00e9b\u00e9 et Chaise b\u00e9b\u00e9 sur demande \u00e0 la r\u00e9servation<\/li>\n<li>T\u00e9l\u00e9vision dans le salon et l&rsquo;appartement<\/li>\n<li>Internet et Wifi, blu-ray<\/li>\n<li>Moustiquaires au-dessus des lits et aux fen\u00eatres<\/li>\n<li>Buffertank<\/li>\n<li>Changement du linge de maison pour tout s\u00e9jours de 15 jours et plus<\/li>\n<li>Possibilit\u00e9 de changer le linge pour s\u00e9jour de moins de 15 jours avec suppl\u00e9ment \u00e0 r\u00e9gler sur place<\/li>\n<\/ul>\n<\/div>\n<ul>\n<li id=\"stringMenage\">M\u00e9nage de fin de s\u00e9jour obligatoire, de 160\u00a0\u20ac \u00e0 240\u00a0\u20ac (selon le nombre d&rsquo;occupants et\/ou le nombre de pi\u00e8ces lou\u00e9es) \u00e0 r\u00e9gler directement sur place.<\/li>\n<\/ul>\n<h2>Recreatieve activiteiten in de buurt van de villa<\/h2>\n<div class=\"ezxmltext-field\">\n<p><strong>Sur place :<\/strong><\/p>\n<ul>\n<li>Farniente au bord de la piscine (1\/4 de cercle d&rsquo;un rayon de 7 m et d&rsquo;une profondeur de 1 m 60)<\/li>\n<\/ul>\n<p><strong>A proximit\u00e9 de tr\u00e8s nombreuses :<\/strong><\/p>\n<ul>\n<li>Plong\u00e9e libre et bouteille (nombreux clubs), notamment \u00e0 la r\u00e9serve Cousteau<\/li>\n<li>Visite du Jardin Botanique de Deshaies<\/li>\n<li>Visite des Chutes du Carbet<\/li>\n<li>Visite du saut d&rsquo;acomat, l&rsquo;une des plus belles piscines naturelles de Guadeloupe<\/li>\n<li>Ski nautique \u00e0 l&rsquo;H\u00f4tel Fort Royal : planche \u00e0 voile, d\u00e9riveur, scooter des mers etc&#8230;.<\/li>\n<li>P\u00eache au gros et traditionnelle<\/li>\n<li>Randonn\u00e9es dans la for\u00eat tropicale<\/li>\n<li>Ballade \u00e0 cheval<\/li>\n<li>Randonn\u00e9es p\u00e9destres entre les plages de Grande Anse et de la Perle<\/li>\n<li>Excursions dans le grand-cul-de-sac marin \u00e0 Sainte-Rose, avec d\u00e9couverte de la Mangrove et de la barri\u00e8re de Corail.<\/li>\n<\/ul>\n<p>Vous n&rsquo;aurez que l&#8217;embarras du choix !<\/p>\n<\/div>\n<h2>Gedetailleerde specificaties<\/h2>\n<p><strong>Naam van het district<\/strong>\u00a0: La Pointe All\u00e8gre<br \/>\n<strong>Zakelijke afstand\u00a0<\/strong>: 500m<br \/>\n<strong>Luchthavenafstand\u00a0<\/strong>: 40km<br \/>\n<strong>Dichtstbijzijnde strand<\/strong>\u00a0: Plage de l&rsquo;Anse Nogent \u00e0 environ 200m<br \/>\nAirconditioning in alle kamers<br \/>\nPriv\u00e9 zwembad<br \/>\nDieren geweigerd<br \/>\n<strong>Sterren ingerichte toeristische accommodatie<\/strong>\u00a0: 4 \u00e9toiles<br \/>\n<strong>Woonoppervlakte\u00a0<\/strong>: 250m2<br \/>\n<strong>Totaal aantal toiletten<\/strong>\u00a0: 5<\/p>\n<h2>Slaapkamer 1<\/h2>\n<p><strong>Etage<\/strong>\u00a0: 1er \u00e9tage<br \/>\n<strong>Nb lit(s) double(s) en 200cm (ou plus)<\/strong>\u00a0: 1<br \/>\nAirco<br \/>\nMoustiquaire<br \/>\nExclusieve badkamer<\/p>\n<h2>Slaapkamer 2<\/h2>\n<p><strong>Etage<\/strong>\u00a0: Rez de chauss\u00e9e<br \/>\n<strong>Aantal tweepersoonsbed(den) in 160cm<\/strong>\u00a0: 1<br \/>\nKleedkamer<br \/>\nAirco<br \/>\nMoustiquaire<br \/>\nExclusieve badkamer<\/p>\n<h2>Slaapkamer 3<\/h2>\n<p><strong>Etage<\/strong>\u00a0: Rez de chauss\u00e9e<br \/>\n<strong>Nb lit(s) double(s)<\/strong>\u00a0: 1<br \/>\nKleedkamer<br \/>\nAirco<br \/>\nMoustiquaire<br \/>\nExclusieve badkamer<\/p>\n<h2>Slaapkamer 4<\/h2>\n<p><strong>Aantal eenpersoonsbed(den)<\/strong>\u00a0: 2<br \/>\nAirco<br \/>\nMoustiquaire<\/p>\n<h2>Slaapkamer 5<\/h2>\n<p><strong>Etage<\/strong>\u00a0: Rez de chauss\u00e9e<br \/>\n<strong>Aantal tweepersoonsbed(den) in 160cm<\/strong>\u00a0: 1<br \/>\nAirco<br \/>\nMoustiquaire<\/p>\n<h2>Chambre 6<\/h2>\n<p><strong>Etage<\/strong>\u00a0: Rez de chauss\u00e9e<br \/>\n<strong>Nb canap\u00e9-lit(s)<\/strong>\u00a0: 1<br \/>\nAirco<\/p>\n<h2>Keuken<\/h2>\n<ul class=\"no-padding\">\n<li>Plaques induction<\/li>\n<li>Oven<\/li>\n<li>Magnetron<\/li>\n<\/ul>\n<p>R\u00e9frig\u00e9rateur am\u00e9ricain (cong\u00e9lateur s\u00e9par\u00e9 et distributeur de gla\u00e7ons)<br \/>\nAfwasmachine<br \/>\nKoffiezetapparaat<br \/>\nTosti apparaat<\/p>\n<h2>Salon<\/h2>\n<p><strong>Oppervlakte\u00a0<\/strong>: 80m2<br \/>\n<strong>Nb canap\u00e9(s) 2 places<\/strong>\u00a0: 2<br \/>\n<strong>Aantal 3-zitsbank(en): 3<\/strong>\u00a0: 1<br \/>\nBrasseur d&rsquo;air<\/p>\n<h2>Salon 2<\/h2>\n<p><strong>Oppervlakte\u00a0<\/strong>: 20m2<br \/>\n<strong>Nb canap\u00e9-lit(s)<\/strong>\u00a0: 2<br \/>\n<strong>Tafelcapaciteit\u00a0<\/strong>: 2 \u00e0 4<br \/>\nAirco<\/p>\n<h2>Terras<\/h2>\n<p><strong>Oppervlakte\u00a0<\/strong>: 100m2<br \/>\n<strong>Dekking<\/strong>\u00a0: Gedeeltelijk gedekt<br \/>\n<strong>Tafelcapaciteit<\/strong>\u00a0: 10 \u00e0 12<br \/>\n<strong>Zaalcapaciteit<\/strong>\u00a0: 6 \u00e0 8<\/p>\n<h2>Zwembad<\/h2>\n<p><strong>Oppervlakte\u00a0<\/strong>: 75m2<br \/>\n<strong>Langste lengte\u00a0<\/strong>: 12m<br \/>\n<strong>Grootste breedte\u00a0<\/strong>: 6m<br \/>\n<strong>Minimale diepte\u00a0<\/strong>: 1.2m<br \/>\n<strong>Maximale diepte\u00a0<\/strong>: 1.8m<\/p>\n<p>Overlopend<\/p>\n<h2>Diensten<\/h2>\n<p><strong>Lakens voorzien<\/strong>\u00a0: draps, serviettes, torchons, serviettes de piscine<br \/>\nBabybedje lenen (op aanvraag bij boeking)<br \/>\nKinderstoellening (op aanvraag bij boeking)<\/p>\n<h2>Tuin<\/h2>\n<p><strong>Oppervlakte\u00a0<\/strong>: 1000m2<\/p>\n<h2>Parkeerplaats<\/h2>\n<\/div>","protected":false},"excerpt":{"rendered":"<h1 class=\"u-text--headline u-margin-top-small\" style=\"text-align: justify\"><span class=\"ezstring-field\">Villa de standing avec vue mer<br \/>\nDeshaies \u2013 Guadeloupe<\/span><\/h1>\n<p>Id\u00e9alement situ\u00e9e en bord de mer, cette villa b\u00e9n\u00e9ficie d&rsquo;une vue \u00e9poustouflante sur la mer des cara\u00efbes et la montagne. L&rsquo;endroit est idyllique pour les amateurs de calme et de nature. La villa est situ\u00e9e entre Ste Rose et Deshaies, aux abords de la plage de Cluny, dans le nord de la Basse Terre. Vous \u00eates \u00e0 moins de 500 m de commerces de proximit\u00e9 et \u00e0 5 km du bourg de Deshaies, de ses commerces et restaurants. En contre bas de votre villa, \u00e0 200 m environ, vous pourrez profiter de la plage de Cluny. A moins de 5 km l&rsquo;une des plus belles plages de la Basse Terre, la Plage de Grande Anse, sable blanc et cocotiers \u00e0 perte de vue.<\/p>\n<p><img decoding=\"async\" class=\"alignnone size-medium wp-image-735\" src=\"https:\/\/www.caribianatours.be\/wp-content\/uploads\/2023\/12\/Logo-personnes.jpg\" alt=\"\" width=\"40\" height=\"37\" srcset=\"https:\/\/www.caribianatours.be\/wp-content\/uploads\/2023\/12\/Logo-personnes.jpg 40w, https:\/\/www.caribianatours.be\/wp-content\/uploads\/2023\/12\/Logo-personnes-13x12.jpg 13w\" sizes=\"(max-width: 40px) 100vw, 40px\" \/>10 personen<\/p>\n<p><img decoding=\"async\" class=\"alignnone size-medium wp-image-736\" src=\"https:\/\/www.caribianatours.be\/wp-content\/uploads\/2023\/12\/Logo-lit.jpg\" alt=\"\" width=\"40\" height=\"25\" srcset=\"https:\/\/www.caribianatours.be\/wp-content\/uploads\/2023\/12\/Logo-lit.jpg 40w, https:\/\/www.caribianatours.be\/wp-content\/uploads\/2023\/12\/Logo-lit-18x12.jpg 18w\" sizes=\"(max-width: 40px) 100vw, 40px\" \/>5 kamers<\/p>\n<p><img decoding=\"async\" class=\"alignnone size-full wp-image-734\" src=\"https:\/\/www.caribianatours.be\/wp-content\/uploads\/2023\/12\/Logo-sdb.jpg\" alt=\"\" width=\"40\" height=\"40\" srcset=\"https:\/\/www.caribianatours.be\/wp-content\/uploads\/2023\/12\/Logo-sdb.jpg 40w, https:\/\/www.caribianatours.be\/wp-content\/uploads\/2023\/12\/Logo-sdb-12x12.jpg 12w\" sizes=\"(max-width: 40px) 100vw, 40px\" \/>5\u00a0salles de bain<\/p>\n<p><img loading=\"lazy\" decoding=\"async\" class=\"alignnone size-full wp-image-737\" src=\"https:\/\/www.caribianatours.be\/wp-content\/uploads\/2023\/12\/Logo-prix.jpg\" alt=\"\" width=\"26\" height=\"36\" srcset=\"https:\/\/www.caribianatours.be\/wp-content\/uploads\/2023\/12\/Logo-prix.jpg 26w, https:\/\/www.caribianatours.be\/wp-content\/uploads\/2023\/12\/Logo-prix-9x12.jpg 9w\" sizes=\"(max-width: 26px) 100vw, 26px\" \/><\/p>\n<p><img loading=\"lazy\" decoding=\"async\" class=\"alignnone size-full wp-image-738\" src=\"https:\/\/www.caribianatours.be\/wp-content\/uploads\/2023\/12\/Logo-piscine.jpg\" alt=\"\" width=\"40\" height=\"36\" srcset=\"https:\/\/www.caribianatours.be\/wp-content\/uploads\/2023\/12\/Logo-piscine.jpg 40w, https:\/\/www.caribianatours.be\/wp-content\/uploads\/2023\/12\/Logo-piscine-13x12.jpg 13w\" sizes=\"(max-width: 40px) 100vw, 40px\" \/><\/p>\n<p><img loading=\"lazy\" decoding=\"async\" class=\"alignnone size-medium wp-image-739\" src=\"https:\/\/www.caribianatours.be\/wp-content\/uploads\/2023\/12\/Logo-plage.jpg\" alt=\"\" width=\"40\" height=\"40\" srcset=\"https:\/\/www.caribianatours.be\/wp-content\/uploads\/2023\/12\/Logo-plage.jpg 40w, https:\/\/www.caribianatours.be\/wp-content\/uploads\/2023\/12\/Logo-plage-12x12.jpg 12w\" sizes=\"(max-width: 40px) 100vw, 40px\" \/><\/p>\n<p><img loading=\"lazy\" decoding=\"async\" class=\"alignnone size-medium wp-image-740\" src=\"https:\/\/www.caribianatours.be\/wp-content\/uploads\/2023\/12\/Logo-tv.jpg\" alt=\"\" width=\"40\" height=\"33\" srcset=\"https:\/\/www.caribianatours.be\/wp-content\/uploads\/2023\/12\/Logo-tv.jpg 40w, https:\/\/www.caribianatours.be\/wp-content\/uploads\/2023\/12\/Logo-tv-15x12.jpg 15w\" sizes=\"(max-width: 40px) 100vw, 40px\" \/><\/p>\n<p><img loading=\"lazy\" decoding=\"async\" class=\"alignnone size-medium wp-image-741\" src=\"https:\/\/www.caribianatours.be\/wp-content\/uploads\/2023\/12\/Logo-wifi.jpg\" alt=\"\" width=\"40\" height=\"28\" srcset=\"https:\/\/www.caribianatours.be\/wp-content\/uploads\/2023\/12\/Logo-wifi.jpg 40w, https:\/\/www.caribianatours.be\/wp-content\/uploads\/2023\/12\/Logo-wifi-18x12.jpg 18w\" sizes=\"(max-width: 40px) 100vw, 40px\" \/><\/p>\n<p><img loading=\"lazy\" decoding=\"async\" class=\"alignnone size-medium wp-image-742\" src=\"https:\/\/www.caribianatours.be\/wp-content\/uploads\/2023\/12\/Logo-airco.jpg\" alt=\"\" width=\"35\" height=\"40\" srcset=\"https:\/\/www.caribianatours.be\/wp-content\/uploads\/2023\/12\/Logo-airco.jpg 35w, https:\/\/www.caribianatours.be\/wp-content\/uploads\/2023\/12\/Logo-airco-11x12.jpg 11w\" sizes=\"(max-width: 35px) 100vw, 35px\" \/><\/p>","protected":false},"featured_media":959,"template":"","meta":{"_acf_changed":false,"ocean_post_layout":"","ocean_both_sidebars_style":"","ocean_both_sidebars_content_width":0,"ocean_both_sidebars_sidebars_width":0,"ocean_sidebar":"","ocean_second_sidebar":"","ocean_disable_margins":"enable","ocean_add_body_class":"","ocean_shortcode_before_top_bar":"","ocean_shortcode_after_top_bar":"","ocean_shortcode_before_header":"","ocean_shortcode_after_header":"","ocean_has_shortcode":"","ocean_shortcode_after_title":"","ocean_shortcode_before_footer_widgets":"","ocean_shortcode_after_footer_widgets":"","ocean_shortcode_before_footer_bottom":"","ocean_shortcode_after_footer_bottom":"","ocean_display_top_bar":"default","ocean_display_header":"default","ocean_header_style":"","ocean_center_header_left_menu":"","ocean_custom_header_template":"","ocean_custom_logo":0,"ocean_custom_retina_logo":0,"ocean_custom_logo_max_width":0,"ocean_custom_logo_tablet_max_width":0,"ocean_custom_logo_mobile_max_width":0,"ocean_custom_logo_max_height":0,"ocean_custom_logo_tablet_max_height":0,"ocean_custom_logo_mobile_max_height":0,"ocean_header_custom_menu":"","ocean_menu_typo_font_family":"","ocean_menu_typo_font_subset":"","ocean_menu_typo_font_size":0,"ocean_menu_typo_font_size_tablet":0,"ocean_menu_typo_font_size_mobile":0,"ocean_menu_typo_font_size_unit":"px","ocean_menu_typo_font_weight":"","ocean_menu_typo_font_weight_tablet":"","ocean_menu_typo_font_weight_mobile":"","ocean_menu_typo_transform":"","ocean_menu_typo_transform_tablet":"","ocean_menu_typo_transform_mobile":"","ocean_menu_typo_line_height":0,"ocean_menu_typo_line_height_tablet":0,"ocean_menu_typo_line_height_mobile":0,"ocean_menu_typo_line_height_unit":"","ocean_menu_typo_spacing":0,"ocean_menu_typo_spacing_tablet":0,"ocean_menu_typo_spacing_mobile":0,"ocean_menu_typo_spacing_unit":"","ocean_menu_link_color":"","ocean_menu_link_color_hover":"","ocean_menu_link_color_active":"","ocean_menu_link_background":"","ocean_menu_link_hover_background":"","ocean_menu_link_active_background":"","ocean_menu_social_links_bg":"","ocean_menu_social_hover_links_bg":"","ocean_menu_social_links_color":"","ocean_menu_social_hover_links_color":"","ocean_disable_title":"default","ocean_disable_heading":"default","ocean_post_title":"","ocean_post_subheading":"","ocean_post_title_style":"","ocean_post_title_background_color":"","ocean_post_title_background":0,"ocean_post_title_bg_image_position":"","ocean_post_title_bg_image_attachment":"","ocean_post_title_bg_image_repeat":"","ocean_post_title_bg_image_size":"","ocean_post_title_height":0,"ocean_post_title_bg_overlay":0.5,"ocean_post_title_bg_overlay_color":"","ocean_disable_breadcrumbs":"default","ocean_breadcrumbs_color":"","ocean_breadcrumbs_separator_color":"","ocean_breadcrumbs_links_color":"","ocean_breadcrumbs_links_hover_color":"","ocean_display_footer_widgets":"default","ocean_display_footer_bottom":"default","ocean_custom_footer_template":""},"product_brand":[],"product_cat":[18,23,29,24],"product_tag":[],"class_list":{"0":"post-942","1":"product","2":"type-product","3":"status-publish","4":"has-post-thumbnail","6":"product_cat-guadeloupe","7":"product_cat-logement","8":"product_cat-pays","9":"product_cat-villas","11":"entry","12":"has-media","14":"first","15":"instock","16":"shipping-taxable","17":"purchasable","18":"product-type-simple","19":"has-product-nav","20":"col","21":"span_1_of_3","22":"owp-content-center","23":"owp-thumbs-layout-horizontal","24":"owp-btn-normal","25":"owp-tabs-layout-horizontal"},"acf":[],"_links":{"self":[{"href":"https:\/\/www.caribianatours.be\/nl\/wp-json\/wp\/v2\/product\/942","targetHints":{"allow":["GET"]}}],"collection":[{"href":"https:\/\/www.caribianatours.be\/nl\/wp-json\/wp\/v2\/product"}],"about":[{"href":"https:\/\/www.caribianatours.be\/nl\/wp-json\/wp\/v2\/types\/product"}],"version-history":[{"count":0,"href":"https:\/\/www.caribianatours.be\/nl\/wp-json\/wp\/v2\/product\/942\/revisions"}],"wp:featuredmedia":[{"embeddable":true,"href":"https:\/\/www.caribianatours.be\/nl\/wp-json\/wp\/v2\/media\/959"}],"wp:attachment":[{"href":"https:\/\/www.caribianatours.be\/nl\/wp-json\/wp\/v2\/media?parent=942"}],"wp:term":[{"taxonomy":"product_brand","embeddable":true,"href":"https:\/\/www.caribianatours.be\/nl\/wp-json\/wp\/v2\/product_brand?post=942"},{"taxonomy":"product_cat","embeddable":true,"href":"https:\/\/www.caribianatours.be\/nl\/wp-json\/wp\/v2\/product_cat?post=942"},{"taxonomy":"product_tag","embeddable":true,"href":"https:\/\/www.caribianatours.be\/nl\/wp-json\/wp\/v2\/product_tag?post=942"}],"curies":[{"name":"wp","href":"https:\/\/api.w.org\/{rel}","templated":true}]}}